{"id":614,"date":"2025-10-29T01:32:36","date_gmt":"2025-10-29T01:32:36","guid":{"rendered":"https:\/\/alojamientosuniversitariosalfil.es\/politica-de-cookies\/"},"modified":"2025-10-29T09:40:41","modified_gmt":"2025-10-29T09:40:41","slug":"cookie-politik","status":"publish","type":"page","link":"https:\/\/alojamientosuniversitariosalfil.es\/de\/politica-de-cookies\/","title":{"rendered":"Cookie-Richtlinie"},"content":{"rendered":"<div data-elementor-type=\"wp-page\" data-elementor-id=\"614\" class=\"elementor elementor-614\" data-elementor-post-type=\"page\">\n\t\t\t\t<div class=\"elementor-element elementor-element-a02bab3 e-flex e-con-boxed e-con e-parent\" data-id=\"a02bab3\" data-element_type=\"container\" data-e-type=\"container\" data-settings=\"{&quot;background_background&quot;:&quot;classic&quot;}\">\n\t\t\t\t\t<div class=\"e-con-inner\">\n\t\t\t\t\t<\/div>\n\t\t\t\t<\/div>\n\t\t<div class=\"elementor-element elementor-element-2bc2df9 e-flex e-con-boxed e-con e-parent\" data-id=\"2bc2df9\" data-element_type=\"container\" data-e-type=\"container\">\n\t\t\t\t\t<div class=\"e-con-inner\">\n\t\t\t\t<div class=\"elementor-element elementor-element-54623632 cookies-textos elementor-widget elementor-widget-shortcode\" data-id=\"54623632\" data-element_type=\"widget\" data-e-type=\"widget\" data-widget_type=\"shortcode.default\">\n\t\t\t\t\t\t\t<div class=\"elementor-shortcode\">\n<!-- Legal document generated by Complianz | GDPR\/CCPA Cookie Consent https:\/\/wordpress.org\/plugins\/complianz-gdpr -->\n<div id=\"cmplz-document\" class=\"cmplz-document cookie-statement cmplz-document-eu\"><p><i>Diese Cookie-Richtlinie wurde zuletzt am 17 de November de 2025 aktualisiert und gilt f\u00fcr B\u00fcrger und Personen mit st\u00e4ndigem Wohnsitz im Europ\u00e4ischen Wirtschaftsraum und der Schweiz.<\/i><br><\/p><h2>1. Einf\u00fchrung<\/h2><p>Unsere Website <a href=\"https:\/\/alojamientosuniversitariosalfil.es\/de\">https:\/\/alojamientosuniversitariosalfil.es\/de<\/a> (nachfolgend \u201eWebsite\u201c genannt) verwendet Cookies und \u00e4hnliche Technologien (der Einfachheit halber werden alle diese Technologien unter dem Begriff \u201eCookies\u201c zusammengefasst). Cookies werden auch von unseren Drittanbietern verwendet. Im folgenden Dokument informieren wir Sie \u00fcber die Verwendung von Cookies auf unserer Website.<\/p><h2>2. was sind Cookies?<\/h2><p>Ein Cookie ist ein kleines, einfaches Datum, das zusammen mit den Seiten dieser Website gespeichert wird und von Ihrem Browser auf der Festplatte Ihres Computers oder auf einem anderen Ger\u00e4t abgelegt wird. Die so gespeicherten Informationen k\u00f6nnen bei einem sp\u00e4teren Besuch an unseren Server oder an den Server des jeweiligen Dritten zur\u00fcckgesandt werden.<\/p><h2>3. was sind Skripte?<\/h2><p>Ein Skript ist ein Programmcode, der die korrekte und interaktive Funktion unserer Website erm\u00f6glicht. Dieser Code wird auf unserem Server oder auf Ihrem Ger\u00e4t gespeichert.<\/p><h2>4. was ist ein Web-Beacon?<\/h2><p>Ein Web-Beacon (oder Pixel-Tag) ist ein kleiner, unauff\u00e4lliger Text oder ein Bild auf einer Website, der dazu dient, Daten auf einer Website anzuzeigen. Zu diesem Zweck werden verschiedene Daten \u00fcber Sie mit Web Beacons gespeichert.<\/p><h2>5. Cookies<\/h2><p class=\"cmplz-subtitle\">5.1 Technische oder funktionale Cookies<\/p><p>Einige Cookies sorgen daf\u00fcr, dass bestimmte Teile der Website ordnungsgem\u00e4\u00df funktionieren und dass Ihre Nutzung der Website unver\u00e4ndert bleibt. Indem wir funktionale Cookies setzen, erm\u00f6glichen wir Ihnen den Besuch unserer Website. Auf diese Weise m\u00fcssen Sie beim Besuch unserer Website nicht dieselben Informationen erneut eingeben, so dass die Artikel in Ihrem Browser gespeichert bleiben, bis Sie sie gel\u00f6scht haben. Wir k\u00f6nnen diese Cookies ohne Ihre Zustimmung verwenden.<\/p><p class=\"cmplz-subtitle\">5.2 Statistik-Cookies<\/p><p>Wir verwenden statistische Cookies, um die Website f\u00fcr unsere Nutzer zu optimieren. Wir verwenden diese statistischen Cookies, um Informationen \u00fcber die Nutzung unserer Website zu sammeln. Wir bitten Sie, Cookies f\u00fcr statistische Zwecke zu setzen, um Ihnen die Arbeit zu erleichtern.<\/p><h2>6. Platzierte Cookies<\/h2><div id=\"cmplz-cookies-overview\"><details class=\"cmplz-dropdown cmplz-service-desc cmplz-dropdown-cookiepolicy\">\n\t<summary class=\"cmplz-service-header\"><div>\n\t\t<h3>WordPress<\/h3>\n\t\t<p>Cookies die noch untersucht werden<\/p>\n\t\t<label for=\"cmplz_service_wordpress\" class=\"cmplz_consent_per_service_label\"><span class=\"screen-reader-text\">Consent to service wordpress<\/span><\/label>\n\t\t<input type=\"checkbox\" id=\"cmplz_service_wordpress\" class=\"cmplz-accept-service cmplz-hidden\" data-service=\"wordpress\" data-category=\"functional\"><\/div>\n\t<\/summary>\n\t<div class=\"cmplz-service-description\">\n\t\t<h4>Verwendung<\/h4>\n\t\t<p>Wir verwenden den WordPress-Service f\u00fcr die website development. <a target=\"_blank\" rel=\"noopener noreferrer nofollow\" href=\"https:\/\/cookiedatabase.org\/service\/wordpress\/\">Weitere Informationen zu WordPress<\/a><\/p>\n\t<\/div>\n\t<div class=\"cmplz-sharing-data\">\n\t\t<h4>Gemeinsame Nutzung von Daten<\/h4>\n\t\t<p>Diese Daten werden nicht an Dritte weitergegeben.<\/p>\n\t<\/div>\n\t<div class=\"cookies-per-purpose\">\n    <div class=\"purpose\"><h4>Cookies die noch untersucht werden<\/h4><\/div>\n    <div class=\"name-header\">\n\t<h5>Name<\/h5>\n<\/div>\n<div class=\"name\"><a target=\"_blank\" rel=\"noopener noreferrer nofollow\" href=\"https:\/\/cookiedatabase.org\/cookie\/wordpress\/wpemojisettingssupports\/\">wpEmojiSettingsSupports<\/a><\/div>\n<div class=\"retention-header\">\n\t<h5>G\u00fcltig bis<\/h5>\n<\/div>\n<div class=\"retention\"><\/div>\n<div class=\"function-header\">\n\t<h5>Funktion<\/h5>\n<\/div>\n<div class=\"function\"><\/div>\n\n<\/div>\n<\/details>\n<details class=\"cmplz-dropdown cmplz-service-desc cmplz-dropdown-cookiepolicy\">\n\t<summary class=\"cmplz-service-header\"><div>\n\t\t<h3>WordPress<\/h3>\n\t\t<p>Cookies die noch untersucht werden<\/p>\n\t\t<label for=\"cmplz_service_wordpress\" class=\"cmplz_consent_per_service_label\"><span class=\"screen-reader-text\">Consent to service wordpress<\/span><\/label>\n\t\t<input type=\"checkbox\" id=\"cmplz_service_wordpress\" class=\"cmplz-accept-service cmplz-hidden\" data-service=\"wordpress\" data-category=\"functional\"><\/div>\n\t<\/summary>\n\t<div class=\"cmplz-service-description\">\n\t\t<h4>Verwendung<\/h4>\n\t\t<p><\/p>\n\t<\/div>\n\t<div class=\"cmplz-sharing-data\">\n\t\t<h4>Gemeinsame Nutzung von Daten<\/h4>\n\t\t<p>Diese Daten werden nicht an Dritte weitergegeben.<\/p>\n\t<\/div>\n\t<div class=\"cookies-per-purpose\">\n    <div class=\"purpose\"><h4>Cookies die noch untersucht werden<\/h4><\/div>\n    <div class=\"name-header\">\n\t<h5>Name<\/h5>\n<\/div>\n<div class=\"name\">wp-settings-time-1<\/div>\n<div class=\"retention-header\">\n\t<h5>G\u00fcltig bis<\/h5>\n<\/div>\n<div class=\"retention\"><\/div>\n<div class=\"function-header\">\n\t<h5>Funktion<\/h5>\n<\/div>\n<div class=\"function\"><\/div>\n\n<\/div>\n<\/details>\n<details class=\"cmplz-dropdown cmplz-service-desc cmplz-dropdown-cookiepolicy\">\n\t<summary class=\"cmplz-service-header\"><div>\n\t\t<h3>Verschiedenes<\/h3>\n\t\t<p>Cookies die noch untersucht werden<\/p>\n\t\t<label for=\"cmplz_service_verschiedenes\" class=\"cmplz_consent_per_service_label\"><span class=\"screen-reader-text\">Consent to service verschiedenes<\/span><\/label>\n\t\t<input type=\"checkbox\" id=\"cmplz_service_verschiedenes\" class=\"cmplz-accept-service cmplz-hidden\" data-service=\"verschiedenes\" data-category=\"functional\"><\/div>\n\t<\/summary>\n\t<div class=\"cmplz-service-description\">\n\t\t<h4>Verwendung<\/h4>\n\t\t<p><\/p>\n\t<\/div>\n\t<div class=\"cmplz-sharing-data\">\n\t\t<h4>Gemeinsame Nutzung von Daten<\/h4>\n\t\t<p>Die gemeinsame Nutzung von Daten ist Gegenstand einer Untersuchung<\/p>\n\t<\/div>\n\t<div class=\"cookies-per-purpose\">\n    <div class=\"purpose\"><h4>Cookies die noch untersucht werden<\/h4><\/div>\n    <div class=\"name-header\">\n\t<h5>Name<\/h5>\n<\/div>\n<div class=\"name\"><a target=\"_blank\" rel=\"noopener noreferrer nofollow\" href=\"https:\/\/cookiedatabase.org\/cookie\/unknown-service\/_state\/\">*_state<\/a><\/div>\n<div class=\"retention-header\">\n\t<h5>G\u00fcltig bis<\/h5>\n<\/div>\n<div class=\"retention\"><\/div>\n<div class=\"function-header\">\n\t<h5>Funktion<\/h5>\n<\/div>\n<div class=\"function\"><\/div>\n<div class=\"name-header\">\n\t<h5>Name<\/h5>\n<\/div>\n<div class=\"name\">mtnc_upsell_shown<\/div>\n<div class=\"retention-header\">\n\t<h5>G\u00fcltig bis<\/h5>\n<\/div>\n<div class=\"retention\"><\/div>\n<div class=\"function-header\">\n\t<h5>Funktion<\/h5>\n<\/div>\n<div class=\"function\"><\/div>\n<div class=\"name-header\">\n\t<h5>Name<\/h5>\n<\/div>\n<div class=\"name\">mtnc_upsell_shown_timestamp<\/div>\n<div class=\"retention-header\">\n\t<h5>G\u00fcltig bis<\/h5>\n<\/div>\n<div class=\"retention\"><\/div>\n<div class=\"function-header\">\n\t<h5>Funktion<\/h5>\n<\/div>\n<div class=\"function\"><\/div>\n<div class=\"name-header\">\n\t<h5>Name<\/h5>\n<\/div>\n<div class=\"name\">cmplz_consented_services<\/div>\n<div class=\"retention-header\">\n\t<h5>G\u00fcltig bis<\/h5>\n<\/div>\n<div class=\"retention\">365 Tage<\/div>\n<div class=\"function-header\">\n\t<h5>Funktion<\/h5>\n<\/div>\n<div class=\"function\"><\/div>\n<div class=\"name-header\">\n\t<h5>Name<\/h5>\n<\/div>\n<div class=\"name\">cmplz_policy_id<\/div>\n<div class=\"retention-header\">\n\t<h5>G\u00fcltig bis<\/h5>\n<\/div>\n<div class=\"retention\">365 Tage<\/div>\n<div class=\"function-header\">\n\t<h5>Funktion<\/h5>\n<\/div>\n<div class=\"function\"><\/div>\n<div class=\"name-header\">\n\t<h5>Name<\/h5>\n<\/div>\n<div class=\"name\">cmplz_marketing<\/div>\n<div class=\"retention-header\">\n\t<h5>G\u00fcltig bis<\/h5>\n<\/div>\n<div class=\"retention\">365 Tage<\/div>\n<div class=\"function-header\">\n\t<h5>Funktion<\/h5>\n<\/div>\n<div class=\"function\"><\/div>\n<div class=\"name-header\">\n\t<h5>Name<\/h5>\n<\/div>\n<div class=\"name\">cmplz_statistics<\/div>\n<div class=\"retention-header\">\n\t<h5>G\u00fcltig bis<\/h5>\n<\/div>\n<div class=\"retention\">365 Tage<\/div>\n<div class=\"function-header\">\n\t<h5>Funktion<\/h5>\n<\/div>\n<div class=\"function\"><\/div>\n<div class=\"name-header\">\n\t<h5>Name<\/h5>\n<\/div>\n<div class=\"name\">cmplz_preferences<\/div>\n<div class=\"retention-header\">\n\t<h5>G\u00fcltig bis<\/h5>\n<\/div>\n<div class=\"retention\">365 Tage<\/div>\n<div class=\"function-header\">\n\t<h5>Funktion<\/h5>\n<\/div>\n<div class=\"function\"><\/div>\n<div class=\"name-header\">\n\t<h5>Name<\/h5>\n<\/div>\n<div class=\"name\">cmplz_functional<\/div>\n<div class=\"retention-header\">\n\t<h5>G\u00fcltig bis<\/h5>\n<\/div>\n<div class=\"retention\">365 Tage<\/div>\n<div class=\"function-header\">\n\t<h5>Funktion<\/h5>\n<\/div>\n<div class=\"function\"><\/div>\n<div class=\"name-header\">\n\t<h5>Name<\/h5>\n<\/div>\n<div class=\"name\">cmplz_banner-status<\/div>\n<div class=\"retention-header\">\n\t<h5>G\u00fcltig bis<\/h5>\n<\/div>\n<div class=\"retention\">365 Tage<\/div>\n<div class=\"function-header\">\n\t<h5>Funktion<\/h5>\n<\/div>\n<div class=\"function\"><\/div>\n<div class=\"name-header\">\n\t<h5>Name<\/h5>\n<\/div>\n<div class=\"name\">_ga<\/div>\n<div class=\"retention-header\">\n\t<h5>G\u00fcltig bis<\/h5>\n<\/div>\n<div class=\"retention\"><\/div>\n<div class=\"function-header\">\n\t<h5>Funktion<\/h5>\n<\/div>\n<div class=\"function\"><\/div>\n<div class=\"name-header\">\n\t<h5>Name<\/h5>\n<\/div>\n<div class=\"name\">_ga_D370CJQSD8<\/div>\n<div class=\"retention-header\">\n\t<h5>G\u00fcltig bis<\/h5>\n<\/div>\n<div class=\"retention\"><\/div>\n<div class=\"function-header\">\n\t<h5>Funktion<\/h5>\n<\/div>\n<div class=\"function\"><\/div>\n<div class=\"name-header\">\n\t<h5>Name<\/h5>\n<\/div>\n<div class=\"name\">wordpress_test_cookie<\/div>\n<div class=\"retention-header\">\n\t<h5>G\u00fcltig bis<\/h5>\n<\/div>\n<div class=\"retention\"><\/div>\n<div class=\"function-header\">\n\t<h5>Funktion<\/h5>\n<\/div>\n<div class=\"function\"><\/div>\n<div class=\"name-header\">\n\t<h5>Name<\/h5>\n<\/div>\n<div class=\"name\">wordpress_logged_in_7ab9f5786fe46047213cfe04a0b4d9d6<\/div>\n<div class=\"retention-header\">\n\t<h5>G\u00fcltig bis<\/h5>\n<\/div>\n<div class=\"retention\"><\/div>\n<div class=\"function-header\">\n\t<h5>Funktion<\/h5>\n<\/div>\n<div class=\"function\"><\/div>\n\n<\/div>\n<\/details>\n<\/div><h2>7. Zustimmung<\/h2><p>Wenn Sie unsere Website zum ersten Mal besuchen, wird Ihnen ein Pop-up mit einer Erkl\u00e4rung zu Cookies angezeigt. Wenn Sie auf \u201eEinstellungen speichern\u201c klicken, sehen Sie, dass wir die Kategorien von Cookies und Plug-ins, die Sie im Pop-up ausgew\u00e4hlt haben, wie in dieser Cookie-Erkl\u00e4rung beschrieben verwenden. Sie k\u00f6nnen die Verwendung von Cookies in Ihrem Browser aktivieren, aber beachten Sie bitte, dass unsere Website dann m\u00f6glicherweise nicht mehr richtig funktioniert.<\/p><p class=\"cmplz-subtitle\">7.1 Verwalten Sie Ihre Einwilligungseinstellungen<\/p><div id=\"cmplz-manage-consent-container-nojavascript\">Sie haben die Cookie-Richtlinie ohne Javascript-Unterst\u00fctzung geladen.&nbsp;Bei AMP k\u00f6nnen Sie den Button Zustimmung verwalten unten auf der Seite verwenden.<\/div><div id=\"cmplz-manage-consent-container\" class=\"cmplz-manage-consent-container\"><\/div><h2>8. Aktivieren\/Deaktivieren und Cookie-F\u00fcllungen<\/h2><p>Sie k\u00f6nnen Ihren Internet-Browser verwenden, um Cookies automatisch oder manuell zu l\u00f6schen. Sie k\u00f6nnen auch sicher sein, dass bestimmte Cookies nicht verwendet werden. Eine weitere M\u00f6glichkeit besteht darin, die Einstellungen Ihres Internet-Browsers so zu \u00e4ndern, dass Sie eine Benachrichtigung erhalten, wenn ein Cookie gesetzt wird. Weitere Informationen zu diesen Optionen finden Sie unter den folgenden Links in der Hilfedatei Ihres Browsers.<\/p><p>Bitte beachten Sie, dass unsere Website m\u00f6glicherweise nicht richtig funktioniert, wenn alle Cookies deaktiviert sind. Wenn Sie Cookies in Ihrem Browser l\u00f6schen, werden sie nach Ihrer Anmeldung gel\u00f6scht, wenn Sie unsere Website besuchen.<\/p><h2>9. Ihre Rechte in Bezug auf personenbezogene Daten<\/h2><p>Sie haben folgende Rechte in Bezug auf Ihre personenbezogenen Daten:<\/p><ul>\n                    <li>Sie haben das Recht zu erfahren, warum Ihre personenbezogenen Daten ben\u00f6tigt werden, was damit passiert und wie lange sie aufbewahrt werden.<\/li>\n                    <li>Auskunftsrecht: Sie haben das Recht, auf Ihre uns bekannten personenbezogenen Daten zuzugreifen.<\/li>\n                    <li>Recht auf Schutz: Sie haben das Recht, Ihre personenbezogenen Daten jederzeit zu \u00e4ndern, zu l\u00f6schen oder zu entfernen.<\/li>\n                    <li>Wenn Sie uns Ihre Zustimmung zur Verarbeitung Ihrer Daten gegeben haben, haben Sie das Recht, diese Zustimmung weiter zu verbreiten und Ihre personenbezogenen Daten zu l\u00f6schen.<\/li>\n                    <li>Recht auf Daten\u00fcbertragbarkeit: Sie haben das Recht, alle Ihre personenbezogenen Daten von dem f\u00fcr die Verarbeitung Verantwortlichen anzufordern und vollst\u00e4ndig an einen anderen f\u00fcr die Verarbeitung Verantwortlichen zu \u00fcbermitteln.<\/li>\n                    <li>Widerspruchsrecht: Sie k\u00f6nnen der Verarbeitung Ihrer Daten widersprechen. Wir glauben, dass es gute Gr\u00fcnde f\u00fcr die Verarbeitung Ihrer Daten gibt.<\/li>\n                <\/ul><p>Bitte kontaktieren Sie uns, um sich \u00fcber diese Rechte zu informieren. Bitte beachten Sie die Kontaktangaben am Ende dieser Cookie-Erkl\u00e4rung. Wenn Sie eine Beschwerde dar\u00fcber haben, wie wir Ihre Daten behandeln, w\u00fcrden wir uns freuen, von Ihnen zu h\u00f6ren, aber Sie haben auch das Recht, eine Beschwerde bei der zust\u00e4ndigen Aufsichtsbeh\u00f6rde (der Datenschutzbeh\u00f6rde) zu beantragen.<\/p><h2>10. kontaktdetails<\/h2><p>F\u00fcr Fragen und\/oder Kommentare zu unserer Cookie-Richtlinie und dieser Erkl\u00e4rung kontaktieren Sie uns bitte \u00fcber die folgenden Kontaktdaten:<\/p><p><span class=\"cmplz-contact-organisation\">RESYALMA NEO, SL.<\/span><br>\n                      <span class=\"cmplz-contact-address\">Calle Dr. Miguel D\u00edaz Recio, 37<\/span><br>\n                      <span class=\"cmplz-contact-country\">Spanien<\/span><br>\n                    Website: <span class=\"cmplz-contact-domain\"><a href=\"https:\/\/alojamientosuniversitariosalfil.es\/de\">https:\/\/alojamientosuniversitariosalfil.es\/de<\/a><\/span><br>\n                    E-Mail: <span class=\"cmplz-contact-email\"><span class=\"cmplz-obfuscate\">&#105;&#110;fo@<span class=\"cmplz-fmail-domain\">e&#120;&#046;c&#111;m<\/span>a&#108;oja&#109;ien&#116;o&#115;&#117;ni&#118;ersita&#114;i&#111;&#115;&#097;lfi&#108;&#046;&#101;s<\/span><\/span><br>\n                    <span class=\"cmplz-contact-telephone\">Telefonnummer +34 952 215 013<\/span><\/p><p>Diese Cookie-Richtlinie wurde mit <a href=\"https:\/\/cookiedatabase.org\/\" target=\"_blank\">cookiedatabase.org<\/a> am 29 de Oktober de 2025 synchronisiert.<\/p><\/div><\/div>\n\t\t\t\t\t\t<\/div>\n\t\t\t\t\t<\/div>\n\t\t\t\t<\/div>\n\t\t\t\t<\/div>","protected":false},"excerpt":{"rendered":"","protected":false},"author":1,"featured_media":0,"parent":0,"menu_order":0,"comment_status":"closed","ping_status":"closed","template":"","meta":{"footnotes":""},"class_list":["post-614","page","type-page","status-publish","hentry"],"_links":{"self":[{"href":"https:\/\/alojamientosuniversitariosalfil.es\/de\/wp-json\/wp\/v2\/pages\/614","targetHints":{"allow":["GET"]}}],"collection":[{"href":"https:\/\/alojamientosuniversitariosalfil.es\/de\/wp-json\/wp\/v2\/pages"}],"about":[{"href":"https:\/\/alojamientosuniversitariosalfil.es\/de\/wp-json\/wp\/v2\/types\/page"}],"author":[{"embeddable":true,"href":"https:\/\/alojamientosuniversitariosalfil.es\/de\/wp-json\/wp\/v2\/users\/1"}],"replies":[{"embeddable":true,"href":"https:\/\/alojamientosuniversitariosalfil.es\/de\/wp-json\/wp\/v2\/comments?post=614"}],"version-history":[{"count":3,"href":"https:\/\/alojamientosuniversitariosalfil.es\/de\/wp-json\/wp\/v2\/pages\/614\/revisions"}],"predecessor-version":[{"id":672,"href":"https:\/\/alojamientosuniversitariosalfil.es\/de\/wp-json\/wp\/v2\/pages\/614\/revisions\/672"}],"wp:attachment":[{"href":"https:\/\/alojamientosuniversitariosalfil.es\/de\/wp-json\/wp\/v2\/media?parent=614"}],"curies":[{"name":"wp","href":"https:\/\/api.w.org\/{rel}","templated":true}]}}