{"id":589,"date":"2025-10-29T00:01:41","date_gmt":"2025-10-29T00:01:41","guid":{"rendered":"https:\/\/alojamientosuniversitariosalfil.es\/?page_id=589"},"modified":"2025-11-17T12:09:06","modified_gmt":"2025-11-17T12:09:06","slug":"legal-notice","status":"publish","type":"page","link":"https:\/\/alojamientosuniversitariosalfil.es\/en\/aviso-legal\/","title":{"rendered":"Legal Notice"},"content":{"rendered":"<div data-elementor-type=\"wp-page\" data-elementor-id=\"589\" class=\"elementor elementor-589\" data-elementor-post-type=\"page\">\n\t\t\t\t<div class=\"elementor-element elementor-element-b8b906a e-flex e-con-boxed e-con e-parent\" data-id=\"b8b906a\" data-element_type=\"container\" data-e-type=\"container\" data-settings=\"{&quot;background_background&quot;:&quot;classic&quot;}\">\n\t\t\t\t\t<div class=\"e-con-inner\">\n\t\t\t\t\t<\/div>\n\t\t\t\t<\/div>\n\t\t<div class=\"elementor-element elementor-element-91441a7 e-flex e-con-boxed e-con e-parent\" data-id=\"91441a7\" data-element_type=\"container\" data-e-type=\"container\">\n\t\t\t\t\t<div class=\"e-con-inner\">\n\t\t\t\t<div class=\"elementor-element elementor-element-96f8d1c elementor-widget elementor-widget-text-editor\" data-id=\"96f8d1c\" data-element_type=\"widget\" data-e-type=\"widget\" data-widget_type=\"text-editor.default\">\n\t\t\t\t\t\t\t\t\t<p data-start=\"307\" data-end=\"523\"><strong data-start=\"307\" data-end=\"331\">RESYALMA NEO, SL.<\/strong><br data-start=\"331\" data-end=\"334\" \/>Calle Dr. Miguel D\u00edaz Recio, 37<br data-start=\"365\" data-end=\"368\" \/>Teatinos-University<br data-start=\"388\" data-end=\"391\" \/>29010 Malaga (Spain)<br data-start=\"412\" data-end=\"415\" \/>Telephone number: (+34) 952 215 013<br data-start=\"442\" data-end=\"445\" \/>E-mail: <a class=\"decorated-link cursor-pointer\" rel=\"noopener\" data-start=\"465\" data-end=\"504\">info@alojamientosuniversitariosalfil.es<\/a><br data-start=\"504\" data-end=\"507\" \/>VAT NO: B13760749<\/p><h3 data-start=\"525\" data-end=\"554\"><strong data-start=\"529\" data-end=\"554\">1. Conditions of use<\/strong><\/h3><p data-start=\"555\" data-end=\"809\">Access to and use of the website <strong data-start=\"585\" data-end=\"623\">alojamientosuniversitariosalfil.es<\/strong> attributes the condition of user, who fully and unreservedly accepts all the provisions included in this Legal Notice at the very moment the user accesses the website.<\/p><p data-start=\"811\" data-end=\"986\">The user undertakes to make appropriate use of the portal and the services offered, in accordance with the law, morality, good customs and public order.<\/p><h3 data-start=\"988\" data-end=\"1033\"><strong data-start=\"992\" data-end=\"1033\">2. Intellectual and industrial property<\/strong><\/h3><p data-start=\"1034\" data-end=\"1280\">All the contents of the website (texts, photographs, graphics, images, icons, technology, software, graphic design, source code, etc.) are the property of\u00a0<strong data-start=\"1195\" data-end=\"1219\"><span style=\"color: #222222; font-family: 'Trebuchet MS', sans-serif; font-size: 14.6667px; font-weight: 400;\">RESYALMA NEO, SL<\/span>.<\/strong>, or there is an authorisation or licence for its use.<\/p><p data-start=\"1282\" data-end=\"1427\">The reproduction, distribution, public communication or transformation of this content is prohibited without the express authorisation of the owner.<\/p><h3 data-start=\"1429\" data-end=\"1459\"><strong data-start=\"1433\" data-end=\"1459\">3. Linking policy<\/strong><\/h3><p data-start=\"1460\" data-end=\"1673\">This website may contain links to other sites operated by third parties. <strong>RESYALMA NEO, SL.<\/strong>\u00a0is not responsible for the contents or services that may be offered on such linked sites.<\/p><h3 data-start=\"1675\" data-end=\"1715\"><strong data-start=\"1679\" data-end=\"1715\">4. Limitation of liability<\/strong><\/h3><p data-start=\"1716\" data-end=\"1918\">The owner accepts no liability for the improper use that users may make of the contents of the website, nor for any damages or losses arising from connection or access errors or failures.<\/p>\t\t\t\t\t\t\t\t<\/div>\n\t\t\t\t\t<\/div>\n\t\t\t\t<\/div>\n\t\t\t\t<\/div>","protected":false},"excerpt":{"rendered":"<p>RESYALMA NEO, SL.Calle Dr. Miguel D\u00edaz Recio, 37Teatinos-Universidad29010 M\u00e1laga (Espa\u00f1a)Tel\u00e9fono: (+34) 952 215 013Correo electr\u00f3nico: info@alojamientosuniversitariosalfil.esCIF: B13760749 1. Condiciones de uso El acceso y uso del sitio web alojamientosuniversitariosalfil.es atribuye la condici\u00f3n de usuario, que acepta plenamente y sin reservas todas las disposiciones incluidas en este Aviso Legal en el momento mismo en que el [&hellip;]<\/p>\n","protected":false},"author":1,"featured_media":0,"parent":0,"menu_order":0,"comment_status":"closed","ping_status":"closed","template":"","meta":{"footnotes":""},"class_list":["post-589","page","type-page","status-publish","hentry"],"_links":{"self":[{"href":"https:\/\/alojamientosuniversitariosalfil.es\/en\/wp-json\/wp\/v2\/pages\/589","targetHints":{"allow":["GET"]}}],"collection":[{"href":"https:\/\/alojamientosuniversitariosalfil.es\/en\/wp-json\/wp\/v2\/pages"}],"about":[{"href":"https:\/\/alojamientosuniversitariosalfil.es\/en\/wp-json\/wp\/v2\/types\/page"}],"author":[{"embeddable":true,"href":"https:\/\/alojamientosuniversitariosalfil.es\/en\/wp-json\/wp\/v2\/users\/1"}],"replies":[{"embeddable":true,"href":"https:\/\/alojamientosuniversitariosalfil.es\/en\/wp-json\/wp\/v2\/comments?post=589"}],"version-history":[{"count":13,"href":"https:\/\/alojamientosuniversitariosalfil.es\/en\/wp-json\/wp\/v2\/pages\/589\/revisions"}],"predecessor-version":[{"id":694,"href":"https:\/\/alojamientosuniversitariosalfil.es\/en\/wp-json\/wp\/v2\/pages\/589\/revisions\/694"}],"wp:attachment":[{"href":"https:\/\/alojamientosuniversitariosalfil.es\/en\/wp-json\/wp\/v2\/media?parent=589"}],"curies":[{"name":"wp","href":"https:\/\/api.w.org\/{rel}","templated":true}]}}