{"id":591,"date":"2025-10-29T00:02:06","date_gmt":"2025-10-29T00:02:06","guid":{"rendered":"https:\/\/alojamientosuniversitariosalfil.es\/?page_id=591"},"modified":"2025-11-17T12:09:59","modified_gmt":"2025-11-17T12:09:59","slug":"privacy-policy","status":"publish","type":"page","link":"https:\/\/alojamientosuniversitariosalfil.es\/en\/politica-de-privacidad\/","title":{"rendered":"Privacy Policy"},"content":{"rendered":"<div data-elementor-type=\"wp-page\" data-elementor-id=\"591\" class=\"elementor elementor-591\" data-elementor-post-type=\"page\">\n\t\t\t\t<div class=\"elementor-element elementor-element-1eab61c e-flex e-con-boxed e-con e-parent\" data-id=\"1eab61c\" data-element_type=\"container\" data-e-type=\"container\" data-settings=\"{&quot;background_background&quot;:&quot;classic&quot;}\">\n\t\t\t\t\t<div class=\"e-con-inner\">\n\t\t\t\t\t<\/div>\n\t\t\t\t<\/div>\n\t\t<div class=\"elementor-element elementor-element-cd5e439 e-flex e-con-boxed e-con e-parent\" data-id=\"cd5e439\" data-element_type=\"container\" data-e-type=\"container\">\n\t\t\t\t\t<div class=\"e-con-inner\">\n\t\t\t\t<div class=\"elementor-element elementor-element-f6c7493 elementor-widget elementor-widget-text-editor\" data-id=\"f6c7493\" data-element_type=\"widget\" data-e-type=\"widget\" data-widget_type=\"text-editor.default\">\n\t\t\t\t\t\t\t\t\t<p data-start=\"1959\" data-end=\"2130\">This privacy policy was last updated on <strong data-start=\"2021\" data-end=\"2046\">29 October 2025<\/strong>, and applies to the users of the website <strong data-start=\"2089\" data-end=\"2127\">alojamientosuniversitariosalfil.es<\/strong>.<\/p><h3 data-start=\"2132\" data-end=\"2170\"><strong data-start=\"2136\" data-end=\"2170\">1. Data controller<\/strong><\/h3><p data-start=\"2171\" data-end=\"2377\"><strong data-start=\"307\" data-end=\"331\">RESYALMA NEO, SL.<\/strong><br data-start=\"331\" data-end=\"334\" \/>Calle Dr. Miguel D\u00edaz Recio, 37<br data-start=\"365\" data-end=\"368\" \/>Teatinos-University<br data-start=\"388\" data-end=\"391\" \/>29010 Malaga (Spain)<br data-start=\"412\" data-end=\"415\" \/>Telephone number: (+34) 952 215 013<br data-start=\"442\" data-end=\"445\" \/>E-mail: <a class=\"decorated-link cursor-pointer\" rel=\"noopener\" data-start=\"465\" data-end=\"504\">info@alojamientosuniversitariosalfil.es<\/a><br data-start=\"504\" data-end=\"507\" \/>VAT NO: B13760749<\/p><h3 data-start=\"2384\" data-end=\"2415\"><strong data-start=\"2388\" data-end=\"2415\">2. Data to be collected<\/strong><\/h3><p data-start=\"2416\" data-end=\"2461\">We may collect the following information:<\/p><ul data-start=\"2462\" data-end=\"2586\"><li data-start=\"2462\" data-end=\"2484\"><p data-start=\"2464\" data-end=\"2484\">Name and surname<\/p><\/li><li data-start=\"2485\" data-end=\"2507\"><p data-start=\"2487\" data-end=\"2507\">E-mail address<\/p><\/li><li data-start=\"2508\" data-end=\"2532\"><p data-start=\"2510\" data-end=\"2532\">Contact telephone number<\/p><\/li><li data-start=\"2533\" data-end=\"2586\"><p data-start=\"2535\" data-end=\"2586\">Billing or identification details (if applicable)<\/p><\/li><\/ul><p data-start=\"2588\" data-end=\"2720\">Data is only collected when the user contacts us via the form, email or telephone.<\/p><h3 data-start=\"2727\" data-end=\"2763\"><strong data-start=\"2731\" data-end=\"2763\">3. Purpose of processing<\/strong><\/h3><p data-start=\"2764\" data-end=\"2828\">Personal data are processed for the following purposes:<\/p><ul data-start=\"2829\" data-end=\"3088\"><li data-start=\"2829\" data-end=\"2880\"><p data-start=\"2831\" data-end=\"2880\">Manage the requests or reservations received.<\/p><\/li><li data-start=\"2881\" data-end=\"2936\"><p data-start=\"2883\" data-end=\"2936\">Respond to queries or requests for information.<\/p><\/li><li data-start=\"2937\" data-end=\"2988\"><p data-start=\"2939\" data-end=\"2988\">To maintain the contractual and\/or commercial relationship.<\/p><\/li><li data-start=\"2989\" data-end=\"3088\"><p data-start=\"2991\" data-end=\"3088\">Send information related to the services offered (always with prior consent).<\/p><\/li><\/ul><h3 data-start=\"3095\" data-end=\"3118\"><strong data-start=\"3099\" data-end=\"3118\">4. Legitimation<\/strong><\/h3><p data-start=\"3119\" data-end=\"3171\">The legal basis for the processing of the data is:<\/p><ul data-start=\"3172\" data-end=\"3322\"><li data-start=\"3172\" data-end=\"3227\"><p data-start=\"3174\" data-end=\"3227\">The data subject's consent (art. 6.1.a RGPD).<\/p><\/li><li data-start=\"3228\" data-end=\"3322\"><p data-start=\"3230\" data-end=\"3322\">The performance of a contract or the application of pre-contractual measures (art. 6.1.b GDPR).<\/p><\/li><\/ul><h3 data-start=\"3329\" data-end=\"3365\"><strong data-start=\"3333\" data-end=\"3365\">5. Data retention<\/strong><\/h3><p data-start=\"3366\" data-end=\"3541\">Personal data will be retained for as long as the relationship with the user is maintained and for as long as necessary to comply with the relevant legal obligations.<\/p><h3 data-start=\"3548\" data-end=\"3591\"><strong data-start=\"3552\" data-end=\"3591\">6. Communication of data to third parties<\/strong><\/h3><p data-start=\"3592\" data-end=\"3716\">No data will be transferred to third parties, except when legally obliged to do so or when necessary for the correct provision of the service.<\/p><h3 data-start=\"3723\" data-end=\"3754\"><strong data-start=\"3727\" data-end=\"3754\">7. User rights<\/strong><\/h3><p data-start=\"3755\" data-end=\"3784\">The user has the right to:<\/p><ul data-start=\"3785\" data-end=\"3996\"><li data-start=\"3785\" data-end=\"3820\"><p data-start=\"3787\" data-end=\"3820\">Access your personal data.<\/p><\/li><li data-start=\"3821\" data-end=\"3878\"><p data-start=\"3823\" data-end=\"3878\">Request their rectification or deletion.<\/p><\/li><li data-start=\"3879\" data-end=\"3907\"><p data-start=\"3881\" data-end=\"3907\">Opposing treatment.<\/p><\/li><li data-start=\"3908\" data-end=\"3952\"><p data-start=\"3910\" data-end=\"3952\">Request the restriction of processing.<\/p><\/li><li data-start=\"3953\" data-end=\"3996\"><p data-start=\"3955\" data-end=\"3996\">Request the portability of your data.<\/p><\/li><\/ul><p data-start=\"3998\" data-end=\"4105\">To exercise these rights, you may write to:<br data-start=\"4057\" data-end=\"4060\" \/><strong data-start=\"4060\" data-end=\"4103\"><a class=\"decorated-link cursor-pointer\" rel=\"noopener\" data-start=\"4062\" data-end=\"4101\">info@alojamientosuniversitariosalfil.es<\/a><\/strong><\/p><h3 data-start=\"4112\" data-end=\"4132\"><strong data-start=\"4116\" data-end=\"4132\">8. Security<\/strong><\/h3><p data-start=\"4133\" data-end=\"4336\"><strong data-start=\"4133\" data-end=\"4157\">RESYALMA NEO, SL.<\/strong> adopts the necessary technical and organisational measures to guarantee the security of personal data and avoid its alteration, loss, unauthorised processing or access.<\/p><h3 data-start=\"173\" data-end=\"204\">9. Submitting a complaint<\/h3><p data-start=\"206\" data-end=\"403\">If you are not satisfied with the way we handle or process your personal data, please let us know first so that we can try to resolve it directly. You can send your complaint to:<\/p><p data-start=\"405\" data-end=\"592\">RESYALMA NEO, SL<br data-start=\"429\" data-end=\"432\" \/>Calle Dr. Miguel D\u00edaz Recio, 37<br data-start=\"463\" data-end=\"466\" \/>Teatinos-Universidad, 29010 M\u00e1laga<br data-start=\"500\" data-end=\"503\" \/>E-mail: <a class=\"decorated-link cursor-pointer\" rel=\"noopener\" data-start=\"523\" data-end=\"562\">info@alojamientosuniversitariosalfil.es<\/a><br data-start=\"562\" data-end=\"565\" \/>Telephone number: (+34) 952 215 013<\/p><p data-start=\"594\" data-end=\"780\">If, after contacting us, you feel that your complaint has not been properly dealt with, you have the right to lodge a complaint with the <strong data-start=\"729\" data-end=\"779\">Spanish Data Protection Agency (AEPD)<\/strong>.<\/p>\t\t\t\t\t\t\t\t<\/div>\n\t\t\t\t\t<\/div>\n\t\t\t\t<\/div>\n\t\t\t\t<\/div>","protected":false},"excerpt":{"rendered":"<p>Esta pol\u00edtica de privacidad fue actualizada por \u00faltima vez el 29 de octubre de 2025, y se aplica a los usuarios del sitio web alojamientosuniversitariosalfil.es. 1. Responsable del tratamiento RESYALMA NEO, SL.Calle Dr. Miguel D\u00edaz Recio, 37Teatinos-Universidad29010 M\u00e1laga (Espa\u00f1a)Tel\u00e9fono: (+34) 952 215 013Correo electr\u00f3nico: info@alojamientosuniversitariosalfil.esCIF: B13760749 2. Datos que se recogen Podemos recopilar la siguiente [&hellip;]<\/p>\n","protected":false},"author":1,"featured_media":0,"parent":0,"menu_order":0,"comment_status":"closed","ping_status":"closed","template":"","meta":{"footnotes":""},"class_list":["post-591","page","type-page","status-publish","hentry"],"_links":{"self":[{"href":"https:\/\/alojamientosuniversitariosalfil.es\/en\/wp-json\/wp\/v2\/pages\/591","targetHints":{"allow":["GET"]}}],"collection":[{"href":"https:\/\/alojamientosuniversitariosalfil.es\/en\/wp-json\/wp\/v2\/pages"}],"about":[{"href":"https:\/\/alojamientosuniversitariosalfil.es\/en\/wp-json\/wp\/v2\/types\/page"}],"author":[{"embeddable":true,"href":"https:\/\/alojamientosuniversitariosalfil.es\/en\/wp-json\/wp\/v2\/users\/1"}],"replies":[{"embeddable":true,"href":"https:\/\/alojamientosuniversitariosalfil.es\/en\/wp-json\/wp\/v2\/comments?post=591"}],"version-history":[{"count":16,"href":"https:\/\/alojamientosuniversitariosalfil.es\/en\/wp-json\/wp\/v2\/pages\/591\/revisions"}],"predecessor-version":[{"id":697,"href":"https:\/\/alojamientosuniversitariosalfil.es\/en\/wp-json\/wp\/v2\/pages\/591\/revisions\/697"}],"wp:attachment":[{"href":"https:\/\/alojamientosuniversitariosalfil.es\/en\/wp-json\/wp\/v2\/media?parent=591"}],"curies":[{"name":"wp","href":"https:\/\/api.w.org\/{rel}","templated":true}]}}