{"id":589,"date":"2025-10-29T00:01:41","date_gmt":"2025-10-29T00:01:41","guid":{"rendered":"https:\/\/alojamientosuniversitariosalfil.es\/?page_id=589"},"modified":"2025-11-17T12:09:06","modified_gmt":"2025-11-17T12:09:06","slug":"avis-juridique","status":"publish","type":"page","link":"https:\/\/alojamientosuniversitariosalfil.es\/fr\/aviso-legal\/","title":{"rendered":"Avis juridique"},"content":{"rendered":"<div data-elementor-type=\"wp-page\" data-elementor-id=\"589\" class=\"elementor elementor-589\" data-elementor-post-type=\"page\">\n\t\t\t\t<div class=\"elementor-element elementor-element-b8b906a e-flex e-con-boxed e-con e-parent\" data-id=\"b8b906a\" data-element_type=\"container\" data-e-type=\"container\" data-settings=\"{&quot;background_background&quot;:&quot;classic&quot;}\">\n\t\t\t\t\t<div class=\"e-con-inner\">\n\t\t\t\t\t<\/div>\n\t\t\t\t<\/div>\n\t\t<div class=\"elementor-element elementor-element-91441a7 e-flex e-con-boxed e-con e-parent\" data-id=\"91441a7\" data-element_type=\"container\" data-e-type=\"container\">\n\t\t\t\t\t<div class=\"e-con-inner\">\n\t\t\t\t<div class=\"elementor-element elementor-element-96f8d1c elementor-widget elementor-widget-text-editor\" data-id=\"96f8d1c\" data-element_type=\"widget\" data-e-type=\"widget\" data-widget_type=\"text-editor.default\">\n\t\t\t\t\t\t\t\t\t<p data-start=\"307\" data-end=\"523\"><strong data-start=\"307\" data-end=\"331\">RESYALMA NEO, SL.<\/strong><br data-start=\"331\" data-end=\"334\" \/>Calle Dr. Miguel D\u00edaz Recio, 37<br data-start=\"365\" data-end=\"368\" \/>Universit\u00e9 de Teatinos<br data-start=\"388\" data-end=\"391\" \/>29010 Malaga (Espagne)<br data-start=\"412\" data-end=\"415\" \/>Num\u00e9ro de t\u00e9l\u00e9phone : (+34) 952 215 013<br data-start=\"442\" data-end=\"445\" \/>E-mail : <a class=\"decorated-link cursor-pointer\" rel=\"noopener\" data-start=\"465\" data-end=\"504\">info@alojamientosuniversitariosalfil.es<\/a><br data-start=\"504\" data-end=\"507\" \/>NUM\u00c9RO DE TVA : B13760749<\/p><h3 data-start=\"525\" data-end=\"554\"><strong data-start=\"529\" data-end=\"554\">1) Conditions d'utilisation<\/strong><\/h3><p data-start=\"555\" data-end=\"809\">Acc\u00e8s et utilisation du site web <strong data-start=\"585\" data-end=\"623\">alojamientosuniversitariosalfil.es<\/strong> attribue la condition d'utilisateur, qui accepte pleinement et sans r\u00e9serve toutes les dispositions incluses dans le pr\u00e9sent avis juridique au moment m\u00eame o\u00f9 l'utilisateur acc\u00e8de au site web.<\/p><p data-start=\"811\" data-end=\"986\">L'utilisateur s'engage \u00e0 faire un usage appropri\u00e9 du portail et des services offerts, conform\u00e9ment \u00e0 la loi, \u00e0 la morale, aux bonnes coutumes et \u00e0 l'ordre public.<\/p><h3 data-start=\"988\" data-end=\"1033\"><strong data-start=\"992\" data-end=\"1033\">2. Propri\u00e9t\u00e9 intellectuelle et industrielle<\/strong><\/h3><p data-start=\"1034\" data-end=\"1280\">Tout le contenu du site (textes, photographies, graphiques, images, ic\u00f4nes, technologie, logiciels, conception graphique, code source, etc.\u00a0<strong data-start=\"1195\" data-end=\"1219\"><span style=\"color: #222222; font-family: 'Trebuchet MS', sans-serif; font-size: 14.6667px; font-weight: 400;\">RESYALMA NEO, SL<\/span>.<\/strong>, ou qu'il existe une autorisation ou une licence pour son utilisation.<\/p><p data-start=\"1282\" data-end=\"1427\">La reproduction, la distribution, la communication publique ou la transformation de ce contenu est interdite sans l'autorisation expresse du propri\u00e9taire.<\/p><h3 data-start=\"1429\" data-end=\"1459\"><strong data-start=\"1433\" data-end=\"1459\">3. Politique de liaison<\/strong><\/h3><p data-start=\"1460\" data-end=\"1673\">Ce site web peut contenir des liens vers d'autres sites exploit\u00e9s par des tiers. <strong>RESYALMA NEO, SL.<\/strong>\u00a0n'est pas responsable du contenu ou des services qui peuvent \u00eatre offerts sur ces sites li\u00e9s.<\/p><h3 data-start=\"1675\" data-end=\"1715\"><strong data-start=\"1679\" data-end=\"1715\">4. Limitation de la responsabilit\u00e9<\/strong><\/h3><p data-start=\"1716\" data-end=\"1918\">Le propri\u00e9taire d\u00e9cline toute responsabilit\u00e9 quant \u00e0 l'utilisation inappropri\u00e9e que les utilisateurs pourraient faire des contenus du site web, ainsi que pour les dommages ou pertes r\u00e9sultant d'erreurs ou de d\u00e9faillances de connexion ou d'acc\u00e8s.<\/p>\t\t\t\t\t\t\t\t<\/div>\n\t\t\t\t\t<\/div>\n\t\t\t\t<\/div>\n\t\t\t\t<\/div>","protected":false},"excerpt":{"rendered":"<p>RESYALMA NEO, SL.Calle Dr. Miguel D\u00edaz Recio, 37Teatinos-Universidad29010 M\u00e1laga (Espa\u00f1a)Tel\u00e9fono: (+34) 952 215 013Correo electr\u00f3nico: info@alojamientosuniversitariosalfil.esCIF: B13760749 1. Condiciones de uso El acceso y uso del sitio web alojamientosuniversitariosalfil.es atribuye la condici\u00f3n de usuario, que acepta plenamente y sin reservas todas las disposiciones incluidas en este Aviso Legal en el momento mismo en que el [&hellip;]<\/p>\n","protected":false},"author":1,"featured_media":0,"parent":0,"menu_order":0,"comment_status":"closed","ping_status":"closed","template":"","meta":{"footnotes":""},"class_list":["post-589","page","type-page","status-publish","hentry"],"_links":{"self":[{"href":"https:\/\/alojamientosuniversitariosalfil.es\/fr\/wp-json\/wp\/v2\/pages\/589","targetHints":{"allow":["GET"]}}],"collection":[{"href":"https:\/\/alojamientosuniversitariosalfil.es\/fr\/wp-json\/wp\/v2\/pages"}],"about":[{"href":"https:\/\/alojamientosuniversitariosalfil.es\/fr\/wp-json\/wp\/v2\/types\/page"}],"author":[{"embeddable":true,"href":"https:\/\/alojamientosuniversitariosalfil.es\/fr\/wp-json\/wp\/v2\/users\/1"}],"replies":[{"embeddable":true,"href":"https:\/\/alojamientosuniversitariosalfil.es\/fr\/wp-json\/wp\/v2\/comments?post=589"}],"version-history":[{"count":13,"href":"https:\/\/alojamientosuniversitariosalfil.es\/fr\/wp-json\/wp\/v2\/pages\/589\/revisions"}],"predecessor-version":[{"id":694,"href":"https:\/\/alojamientosuniversitariosalfil.es\/fr\/wp-json\/wp\/v2\/pages\/589\/revisions\/694"}],"wp:attachment":[{"href":"https:\/\/alojamientosuniversitariosalfil.es\/fr\/wp-json\/wp\/v2\/media?parent=589"}],"curies":[{"name":"wp","href":"https:\/\/api.w.org\/{rel}","templated":true}]}}