{"id":591,"date":"2025-10-29T00:02:06","date_gmt":"2025-10-29T00:02:06","guid":{"rendered":"https:\/\/alojamientosuniversitariosalfil.es\/?page_id=591"},"modified":"2025-11-17T12:09:59","modified_gmt":"2025-11-17T12:09:59","slug":"politique-de-confidentialite","status":"publish","type":"page","link":"https:\/\/alojamientosuniversitariosalfil.es\/fr\/politica-de-privacidad\/","title":{"rendered":"Politique de confidentialit\u00e9"},"content":{"rendered":"<div data-elementor-type=\"wp-page\" data-elementor-id=\"591\" class=\"elementor elementor-591\" data-elementor-post-type=\"page\">\n\t\t\t\t<div class=\"elementor-element elementor-element-1eab61c e-flex e-con-boxed e-con e-parent\" data-id=\"1eab61c\" data-element_type=\"container\" data-e-type=\"container\" data-settings=\"{&quot;background_background&quot;:&quot;classic&quot;}\">\n\t\t\t\t\t<div class=\"e-con-inner\">\n\t\t\t\t\t<\/div>\n\t\t\t\t<\/div>\n\t\t<div class=\"elementor-element elementor-element-cd5e439 e-flex e-con-boxed e-con e-parent\" data-id=\"cd5e439\" data-element_type=\"container\" data-e-type=\"container\">\n\t\t\t\t\t<div class=\"e-con-inner\">\n\t\t\t\t<div class=\"elementor-element elementor-element-f6c7493 elementor-widget elementor-widget-text-editor\" data-id=\"f6c7493\" data-element_type=\"widget\" data-e-type=\"widget\" data-widget_type=\"text-editor.default\">\n\t\t\t\t\t\t\t\t\t<p data-start=\"1959\" data-end=\"2130\">Cette politique de confidentialit\u00e9 a \u00e9t\u00e9 mise \u00e0 jour pour la derni\u00e8re fois le <strong data-start=\"2021\" data-end=\"2046\">29 octobre 2025<\/strong>, et s'applique aux utilisateurs du site web <strong data-start=\"2089\" data-end=\"2127\">alojamientosuniversitariosalfil.es<\/strong>.<\/p><h3 data-start=\"2132\" data-end=\"2170\"><strong data-start=\"2136\" data-end=\"2170\">1. le responsable du traitement des donn\u00e9es<\/strong><\/h3><p data-start=\"2171\" data-end=\"2377\"><strong data-start=\"307\" data-end=\"331\">RESYALMA NEO, SL.<\/strong><br data-start=\"331\" data-end=\"334\" \/>Calle Dr. Miguel D\u00edaz Recio, 37<br data-start=\"365\" data-end=\"368\" \/>Universit\u00e9 de Teatinos<br data-start=\"388\" data-end=\"391\" \/>29010 Malaga (Espagne)<br data-start=\"412\" data-end=\"415\" \/>Num\u00e9ro de t\u00e9l\u00e9phone : (+34) 952 215 013<br data-start=\"442\" data-end=\"445\" \/>E-mail : <a class=\"decorated-link cursor-pointer\" rel=\"noopener\" data-start=\"465\" data-end=\"504\">info@alojamientosuniversitariosalfil.es<\/a><br data-start=\"504\" data-end=\"507\" \/>NUM\u00c9RO DE TVA : B13760749<\/p><h3 data-start=\"2384\" data-end=\"2415\"><strong data-start=\"2388\" data-end=\"2415\">2. Donn\u00e9es \u00e0 collecter<\/strong><\/h3><p data-start=\"2416\" data-end=\"2461\">Nous pouvons recueillir les informations suivantes :<\/p><ul data-start=\"2462\" data-end=\"2586\"><li data-start=\"2462\" data-end=\"2484\"><p data-start=\"2464\" data-end=\"2484\">Nom et pr\u00e9nom<\/p><\/li><li data-start=\"2485\" data-end=\"2507\"><p data-start=\"2487\" data-end=\"2507\">Adresse \u00e9lectronique<\/p><\/li><li data-start=\"2508\" data-end=\"2532\"><p data-start=\"2510\" data-end=\"2532\">Num\u00e9ro de t\u00e9l\u00e9phone du contact<\/p><\/li><li data-start=\"2533\" data-end=\"2586\"><p data-start=\"2535\" data-end=\"2586\">Donn\u00e9es de facturation ou d'identification (le cas \u00e9ch\u00e9ant)<\/p><\/li><\/ul><p data-start=\"2588\" data-end=\"2720\">Les donn\u00e9es ne sont collect\u00e9es que lorsque l'utilisateur nous contacte par le biais du formulaire, du courrier \u00e9lectronique ou du t\u00e9l\u00e9phone.<\/p><h3 data-start=\"2727\" data-end=\"2763\"><strong data-start=\"2731\" data-end=\"2763\">3. Finalit\u00e9 du traitement<\/strong><\/h3><p data-start=\"2764\" data-end=\"2828\">Les donn\u00e9es \u00e0 caract\u00e8re personnel sont trait\u00e9es aux fins suivantes :<\/p><ul data-start=\"2829\" data-end=\"3088\"><li data-start=\"2829\" data-end=\"2880\"><p data-start=\"2831\" data-end=\"2880\">G\u00e9rer les demandes ou les r\u00e9servations re\u00e7ues.<\/p><\/li><li data-start=\"2881\" data-end=\"2936\"><p data-start=\"2883\" data-end=\"2936\">R\u00e9pondre aux questions ou aux demandes d'information.<\/p><\/li><li data-start=\"2937\" data-end=\"2988\"><p data-start=\"2939\" data-end=\"2988\">Maintenir la relation contractuelle et\/ou commerciale.<\/p><\/li><li data-start=\"2989\" data-end=\"3088\"><p data-start=\"2991\" data-end=\"3088\">Envoyer des informations relatives aux services offerts (toujours avec le consentement pr\u00e9alable).<\/p><\/li><\/ul><h3 data-start=\"3095\" data-end=\"3118\"><strong data-start=\"3099\" data-end=\"3118\">4. L\u00e9gitimation<\/strong><\/h3><p data-start=\"3119\" data-end=\"3171\">La base juridique du traitement des donn\u00e9es est la suivante :<\/p><ul data-start=\"3172\" data-end=\"3322\"><li data-start=\"3172\" data-end=\"3227\"><p data-start=\"3174\" data-end=\"3227\">Le consentement de la personne concern\u00e9e (art. 6.1.a RGPD).<\/p><\/li><li data-start=\"3228\" data-end=\"3322\"><p data-start=\"3230\" data-end=\"3322\">L'ex\u00e9cution d'un contrat ou l'application de mesures pr\u00e9contractuelles (art. 6.1.b GDPR).<\/p><\/li><\/ul><h3 data-start=\"3329\" data-end=\"3365\"><strong data-start=\"3333\" data-end=\"3365\">5. Conservation des donn\u00e9es<\/strong><\/h3><p data-start=\"3366\" data-end=\"3541\">Les donn\u00e9es \u00e0 caract\u00e8re personnel seront conserv\u00e9es aussi longtemps que la relation avec l'utilisateur sera maintenue et aussi longtemps que n\u00e9cessaire pour se conformer aux obligations l\u00e9gales pertinentes.<\/p><h3 data-start=\"3548\" data-end=\"3591\"><strong data-start=\"3552\" data-end=\"3591\">6. Communication de donn\u00e9es \u00e0 des tiers<\/strong><\/h3><p data-start=\"3592\" data-end=\"3716\">Aucune donn\u00e9e ne sera transf\u00e9r\u00e9e \u00e0 des tiers, sauf en cas d'obligation l\u00e9gale ou si cela est n\u00e9cessaire \u00e0 la bonne prestation du service.<\/p><h3 data-start=\"3723\" data-end=\"3754\"><strong data-start=\"3727\" data-end=\"3754\">7. Droits de l'utilisateur<\/strong><\/h3><p data-start=\"3755\" data-end=\"3784\">L'utilisateur a le droit de :<\/p><ul data-start=\"3785\" data-end=\"3996\"><li data-start=\"3785\" data-end=\"3820\"><p data-start=\"3787\" data-end=\"3820\">Acc\u00e9der \u00e0 vos donn\u00e9es personnelles.<\/p><\/li><li data-start=\"3821\" data-end=\"3878\"><p data-start=\"3823\" data-end=\"3878\">demander leur rectification ou leur suppression.<\/p><\/li><li data-start=\"3879\" data-end=\"3907\"><p data-start=\"3881\" data-end=\"3907\">Traitement contradictoire.<\/p><\/li><li data-start=\"3908\" data-end=\"3952\"><p data-start=\"3910\" data-end=\"3952\">Demander la limitation du traitement.<\/p><\/li><li data-start=\"3953\" data-end=\"3996\"><p data-start=\"3955\" data-end=\"3996\">Demander la portabilit\u00e9 de vos donn\u00e9es.<\/p><\/li><\/ul><p data-start=\"3998\" data-end=\"4105\">Pour exercer ces droits, vous pouvez \u00e9crire \u00e0<br data-start=\"4057\" data-end=\"4060\" \/><strong data-start=\"4060\" data-end=\"4103\"><a class=\"decorated-link cursor-pointer\" rel=\"noopener\" data-start=\"4062\" data-end=\"4101\">info@alojamientosuniversitariosalfil.es<\/a><\/strong><\/p><h3 data-start=\"4112\" data-end=\"4132\"><strong data-start=\"4116\" data-end=\"4132\">8. S\u00e9curit\u00e9<\/strong><\/h3><p data-start=\"4133\" data-end=\"4336\"><strong data-start=\"4133\" data-end=\"4157\">RESYALMA NEO, SL.<\/strong> adopte les mesures techniques et organisationnelles n\u00e9cessaires pour garantir la s\u00e9curit\u00e9 des donn\u00e9es \u00e0 caract\u00e8re personnel et \u00e9viter leur alt\u00e9ration, leur perte, leur traitement ou leur acc\u00e8s non autoris\u00e9.<\/p><h3 data-start=\"173\" data-end=\"204\">9. D\u00e9p\u00f4t d'une plainte<\/h3><p data-start=\"206\" data-end=\"403\">Si vous n'\u00eates pas satisfait de la mani\u00e8re dont nous traitons vos donn\u00e9es \u00e0 caract\u00e8re personnel, veuillez nous en informer afin que nous puissions essayer de r\u00e9soudre le probl\u00e8me directement. Vous pouvez envoyer votre plainte \u00e0<\/p><p data-start=\"405\" data-end=\"592\">RESYALMA NEO, SL<br data-start=\"429\" data-end=\"432\" \/>Calle Dr. Miguel D\u00edaz Recio, 37<br data-start=\"463\" data-end=\"466\" \/>Teatinos-Universidad, 29010 M\u00e1laga<br data-start=\"500\" data-end=\"503\" \/>E-mail : <a class=\"decorated-link cursor-pointer\" rel=\"noopener\" data-start=\"523\" data-end=\"562\">info@alojamientosuniversitariosalfil.es<\/a><br data-start=\"562\" data-end=\"565\" \/>Num\u00e9ro de t\u00e9l\u00e9phone : (+34) 952 215 013<\/p><p data-start=\"594\" data-end=\"780\">Si, apr\u00e8s nous avoir contact\u00e9s, vous estimez que votre plainte n'a pas \u00e9t\u00e9 trait\u00e9e correctement, vous avez le droit de d\u00e9poser une plainte aupr\u00e8s de la <strong data-start=\"729\" data-end=\"779\">Agence espagnole de protection des donn\u00e9es (AEPD)<\/strong>.<\/p>\t\t\t\t\t\t\t\t<\/div>\n\t\t\t\t\t<\/div>\n\t\t\t\t<\/div>\n\t\t\t\t<\/div>","protected":false},"excerpt":{"rendered":"<p>Esta pol\u00edtica de privacidad fue actualizada por \u00faltima vez el 29 de octubre de 2025, y se aplica a los usuarios del sitio web alojamientosuniversitariosalfil.es. 1. Responsable del tratamiento RESYALMA NEO, SL.Calle Dr. Miguel D\u00edaz Recio, 37Teatinos-Universidad29010 M\u00e1laga (Espa\u00f1a)Tel\u00e9fono: (+34) 952 215 013Correo electr\u00f3nico: info@alojamientosuniversitariosalfil.esCIF: B13760749 2. Datos que se recogen Podemos recopilar la siguiente [&hellip;]<\/p>\n","protected":false},"author":1,"featured_media":0,"parent":0,"menu_order":0,"comment_status":"closed","ping_status":"closed","template":"","meta":{"footnotes":""},"class_list":["post-591","page","type-page","status-publish","hentry"],"_links":{"self":[{"href":"https:\/\/alojamientosuniversitariosalfil.es\/fr\/wp-json\/wp\/v2\/pages\/591","targetHints":{"allow":["GET"]}}],"collection":[{"href":"https:\/\/alojamientosuniversitariosalfil.es\/fr\/wp-json\/wp\/v2\/pages"}],"about":[{"href":"https:\/\/alojamientosuniversitariosalfil.es\/fr\/wp-json\/wp\/v2\/types\/page"}],"author":[{"embeddable":true,"href":"https:\/\/alojamientosuniversitariosalfil.es\/fr\/wp-json\/wp\/v2\/users\/1"}],"replies":[{"embeddable":true,"href":"https:\/\/alojamientosuniversitariosalfil.es\/fr\/wp-json\/wp\/v2\/comments?post=591"}],"version-history":[{"count":16,"href":"https:\/\/alojamientosuniversitariosalfil.es\/fr\/wp-json\/wp\/v2\/pages\/591\/revisions"}],"predecessor-version":[{"id":697,"href":"https:\/\/alojamientosuniversitariosalfil.es\/fr\/wp-json\/wp\/v2\/pages\/591\/revisions\/697"}],"wp:attachment":[{"href":"https:\/\/alojamientosuniversitariosalfil.es\/fr\/wp-json\/wp\/v2\/media?parent=591"}],"curies":[{"name":"wp","href":"https:\/\/api.w.org\/{rel}","templated":true}]}}