{"id":589,"date":"2025-10-29T00:01:41","date_gmt":"2025-10-29T00:01:41","guid":{"rendered":"https:\/\/alojamientosuniversitariosalfil.es\/?page_id=589"},"modified":"2025-11-17T12:09:06","modified_gmt":"2025-11-17T12:09:06","slug":"avviso-legale","status":"publish","type":"page","link":"https:\/\/alojamientosuniversitariosalfil.es\/it\/aviso-legal\/","title":{"rendered":"Avviso legale"},"content":{"rendered":"<div data-elementor-type=\"wp-page\" data-elementor-id=\"589\" class=\"elementor elementor-589\" data-elementor-post-type=\"page\">\n\t\t\t\t<div class=\"elementor-element elementor-element-b8b906a e-flex e-con-boxed e-con e-parent\" data-id=\"b8b906a\" data-element_type=\"container\" data-e-type=\"container\" data-settings=\"{&quot;background_background&quot;:&quot;classic&quot;}\">\n\t\t\t\t\t<div class=\"e-con-inner\">\n\t\t\t\t\t<\/div>\n\t\t\t\t<\/div>\n\t\t<div class=\"elementor-element elementor-element-91441a7 e-flex e-con-boxed e-con e-parent\" data-id=\"91441a7\" data-element_type=\"container\" data-e-type=\"container\">\n\t\t\t\t\t<div class=\"e-con-inner\">\n\t\t\t\t<div class=\"elementor-element elementor-element-96f8d1c elementor-widget elementor-widget-text-editor\" data-id=\"96f8d1c\" data-element_type=\"widget\" data-e-type=\"widget\" data-widget_type=\"text-editor.default\">\n\t\t\t\t\t\t\t\t\t<p data-start=\"307\" data-end=\"523\"><strong data-start=\"307\" data-end=\"331\">RESYALMA NEO, SL.<\/strong><br data-start=\"331\" data-end=\"334\" \/>Calle Dr. Miguel D\u00edaz Recio, 37<br data-start=\"365\" data-end=\"368\" \/>Universit\u00e0 di Teatinos<br data-start=\"388\" data-end=\"391\" \/>29010 Malaga (Spagna)<br data-start=\"412\" data-end=\"415\" \/>Numero di telefono: (+34) 952 215 013<br data-start=\"442\" data-end=\"445\" \/>E-mail: <a class=\"decorated-link cursor-pointer\" rel=\"noopener\" data-start=\"465\" data-end=\"504\">info@alojamientosuniversitariosalfil.es<\/a><br data-start=\"504\" data-end=\"507\" \/>PARTITA IVA: B13760749<\/p><h3 data-start=\"525\" data-end=\"554\"><strong data-start=\"529\" data-end=\"554\">1. Condizioni di utilizzo<\/strong><\/h3><p data-start=\"555\" data-end=\"809\">Accesso e utilizzo del sito web <strong data-start=\"585\" data-end=\"623\">alojamientosuniversitariosalfil.es<\/strong> attribuisce la condizione di utente, che accetta pienamente e senza riserve tutte le disposizioni incluse nel presente Avviso Legale nel momento stesso in cui l'utente accede al sito web.<\/p><p data-start=\"811\" data-end=\"986\">L'utente si impegna a fare un uso appropriato del portale e dei servizi offerti, nel rispetto della legge, del buon costume e dell'ordine pubblico.<\/p><h3 data-start=\"988\" data-end=\"1033\"><strong data-start=\"992\" data-end=\"1033\">2. Propriet\u00e0 intellettuale e industriale<\/strong><\/h3><p data-start=\"1034\" data-end=\"1280\">Tutti i contenuti del sito (testi, fotografie, grafici, immagini, icone, tecnologia, software, design grafico, codice sorgente, ecc.) sono di propriet\u00e0 di\u00a0<strong data-start=\"1195\" data-end=\"1219\"><span style=\"color: #222222; font-family: 'Trebuchet MS', sans-serif; font-size: 14.6667px; font-weight: 400;\">RESYALMA NEO, SL<\/span>.<\/strong>, oppure esiste un'autorizzazione o una licenza per il suo utilizzo.<\/p><p data-start=\"1282\" data-end=\"1427\">\u00c8 vietata la riproduzione, la distribuzione, la comunicazione pubblica o la trasformazione di questi contenuti senza l'espressa autorizzazione del proprietario.<\/p><h3 data-start=\"1429\" data-end=\"1459\"><strong data-start=\"1433\" data-end=\"1459\">3. Politica di collegamento<\/strong><\/h3><p data-start=\"1460\" data-end=\"1673\">Questo sito web pu\u00f2 contenere link ad altri siti gestiti da terzi. <strong>RESYALMA NEO, SL.<\/strong>\u00a0non \u00e8 responsabile dei contenuti o dei servizi che possono essere offerti su tali siti collegati.<\/p><h3 data-start=\"1675\" data-end=\"1715\"><strong data-start=\"1679\" data-end=\"1715\">4. Limitazione di responsabilit\u00e0<\/strong><\/h3><p data-start=\"1716\" data-end=\"1918\">Il proprietario non si assume alcuna responsabilit\u00e0 per l'uso improprio che gli utenti possono fare dei contenuti del sito web, n\u00e9 per eventuali danni o perdite derivanti da errori o guasti di connessione o accesso.<\/p>\t\t\t\t\t\t\t\t<\/div>\n\t\t\t\t\t<\/div>\n\t\t\t\t<\/div>\n\t\t\t\t<\/div>","protected":false},"excerpt":{"rendered":"<p>RESYALMA NEO, SL.Calle Dr. Miguel D\u00edaz Recio, 37Teatinos-Universidad29010 M\u00e1laga (Espa\u00f1a)Tel\u00e9fono: (+34) 952 215 013Correo electr\u00f3nico: info@alojamientosuniversitariosalfil.esCIF: B13760749 1. Condiciones de uso El acceso y uso del sitio web alojamientosuniversitariosalfil.es atribuye la condici\u00f3n de usuario, que acepta plenamente y sin reservas todas las disposiciones incluidas en este Aviso Legal en el momento mismo en que el [&hellip;]<\/p>\n","protected":false},"author":1,"featured_media":0,"parent":0,"menu_order":0,"comment_status":"closed","ping_status":"closed","template":"","meta":{"footnotes":""},"class_list":["post-589","page","type-page","status-publish","hentry"],"_links":{"self":[{"href":"https:\/\/alojamientosuniversitariosalfil.es\/it\/wp-json\/wp\/v2\/pages\/589","targetHints":{"allow":["GET"]}}],"collection":[{"href":"https:\/\/alojamientosuniversitariosalfil.es\/it\/wp-json\/wp\/v2\/pages"}],"about":[{"href":"https:\/\/alojamientosuniversitariosalfil.es\/it\/wp-json\/wp\/v2\/types\/page"}],"author":[{"embeddable":true,"href":"https:\/\/alojamientosuniversitariosalfil.es\/it\/wp-json\/wp\/v2\/users\/1"}],"replies":[{"embeddable":true,"href":"https:\/\/alojamientosuniversitariosalfil.es\/it\/wp-json\/wp\/v2\/comments?post=589"}],"version-history":[{"count":13,"href":"https:\/\/alojamientosuniversitariosalfil.es\/it\/wp-json\/wp\/v2\/pages\/589\/revisions"}],"predecessor-version":[{"id":694,"href":"https:\/\/alojamientosuniversitariosalfil.es\/it\/wp-json\/wp\/v2\/pages\/589\/revisions\/694"}],"wp:attachment":[{"href":"https:\/\/alojamientosuniversitariosalfil.es\/it\/wp-json\/wp\/v2\/media?parent=589"}],"curies":[{"name":"wp","href":"https:\/\/api.w.org\/{rel}","templated":true}]}}