{"id":591,"date":"2025-10-29T00:02:06","date_gmt":"2025-10-29T00:02:06","guid":{"rendered":"https:\/\/alojamientosuniversitariosalfil.es\/?page_id=591"},"modified":"2025-11-17T12:09:59","modified_gmt":"2025-11-17T12:09:59","slug":"informativa-sulla-privacy","status":"publish","type":"page","link":"https:\/\/alojamientosuniversitariosalfil.es\/it\/politica-de-privacidad\/","title":{"rendered":"Informativa sulla privacy"},"content":{"rendered":"<div data-elementor-type=\"wp-page\" data-elementor-id=\"591\" class=\"elementor elementor-591\" data-elementor-post-type=\"page\">\n\t\t\t\t<div class=\"elementor-element elementor-element-1eab61c e-flex e-con-boxed e-con e-parent\" data-id=\"1eab61c\" data-element_type=\"container\" data-e-type=\"container\" data-settings=\"{&quot;background_background&quot;:&quot;classic&quot;}\">\n\t\t\t\t\t<div class=\"e-con-inner\">\n\t\t\t\t\t<\/div>\n\t\t\t\t<\/div>\n\t\t<div class=\"elementor-element elementor-element-cd5e439 e-flex e-con-boxed e-con e-parent\" data-id=\"cd5e439\" data-element_type=\"container\" data-e-type=\"container\">\n\t\t\t\t\t<div class=\"e-con-inner\">\n\t\t\t\t<div class=\"elementor-element elementor-element-f6c7493 elementor-widget elementor-widget-text-editor\" data-id=\"f6c7493\" data-element_type=\"widget\" data-e-type=\"widget\" data-widget_type=\"text-editor.default\">\n\t\t\t\t\t\t\t\t\t<p data-start=\"1959\" data-end=\"2130\">La presente informativa sulla privacy \u00e8 stata aggiornata l'ultima volta il <strong data-start=\"2021\" data-end=\"2046\">29 ottobre 2025<\/strong>, e si applica agli utenti del sito web <strong data-start=\"2089\" data-end=\"2127\">alojamientosuniversitariosalfil.es<\/strong>.<\/p><h3 data-start=\"2132\" data-end=\"2170\"><strong data-start=\"2136\" data-end=\"2170\">1. Responsabile del trattamento dei dati<\/strong><\/h3><p data-start=\"2171\" data-end=\"2377\"><strong data-start=\"307\" data-end=\"331\">RESYALMA NEO, SL.<\/strong><br data-start=\"331\" data-end=\"334\" \/>Calle Dr. Miguel D\u00edaz Recio, 37<br data-start=\"365\" data-end=\"368\" \/>Universit\u00e0 di Teatinos<br data-start=\"388\" data-end=\"391\" \/>29010 Malaga (Spagna)<br data-start=\"412\" data-end=\"415\" \/>Numero di telefono: (+34) 952 215 013<br data-start=\"442\" data-end=\"445\" \/>E-mail: <a class=\"decorated-link cursor-pointer\" rel=\"noopener\" data-start=\"465\" data-end=\"504\">info@alojamientosuniversitariosalfil.es<\/a><br data-start=\"504\" data-end=\"507\" \/>PARTITA IVA: B13760749<\/p><h3 data-start=\"2384\" data-end=\"2415\"><strong data-start=\"2388\" data-end=\"2415\">2. Dati da raccogliere<\/strong><\/h3><p data-start=\"2416\" data-end=\"2461\">Possiamo raccogliere le seguenti informazioni:<\/p><ul data-start=\"2462\" data-end=\"2586\"><li data-start=\"2462\" data-end=\"2484\"><p data-start=\"2464\" data-end=\"2484\">Nome e cognome<\/p><\/li><li data-start=\"2485\" data-end=\"2507\"><p data-start=\"2487\" data-end=\"2507\">Indirizzo e-mail<\/p><\/li><li data-start=\"2508\" data-end=\"2532\"><p data-start=\"2510\" data-end=\"2532\">Numero di telefono del contatto<\/p><\/li><li data-start=\"2533\" data-end=\"2586\"><p data-start=\"2535\" data-end=\"2586\">Dati di fatturazione o di identificazione (se applicabile)<\/p><\/li><\/ul><p data-start=\"2588\" data-end=\"2720\">I dati vengono raccolti solo quando l'utente ci contatta tramite modulo, e-mail o telefono.<\/p><h3 data-start=\"2727\" data-end=\"2763\"><strong data-start=\"2731\" data-end=\"2763\">3. Finalit\u00e0 del trattamento<\/strong><\/h3><p data-start=\"2764\" data-end=\"2828\">I dati personali sono trattati per le seguenti finalit\u00e0:<\/p><ul data-start=\"2829\" data-end=\"3088\"><li data-start=\"2829\" data-end=\"2880\"><p data-start=\"2831\" data-end=\"2880\">Gestire le richieste o le prenotazioni ricevute.<\/p><\/li><li data-start=\"2881\" data-end=\"2936\"><p data-start=\"2883\" data-end=\"2936\">Rispondere alle domande o alle richieste di informazioni.<\/p><\/li><li data-start=\"2937\" data-end=\"2988\"><p data-start=\"2939\" data-end=\"2988\">Per mantenere il rapporto contrattuale e\/o commerciale.<\/p><\/li><li data-start=\"2989\" data-end=\"3088\"><p data-start=\"2991\" data-end=\"3088\">Inviare informazioni relative ai servizi offerti (sempre previo consenso).<\/p><\/li><\/ul><h3 data-start=\"3095\" data-end=\"3118\"><strong data-start=\"3099\" data-end=\"3118\">4. Legittimazione<\/strong><\/h3><p data-start=\"3119\" data-end=\"3171\">La base giuridica del trattamento dei dati \u00e8:<\/p><ul data-start=\"3172\" data-end=\"3322\"><li data-start=\"3172\" data-end=\"3227\"><p data-start=\"3174\" data-end=\"3227\">Il consenso dell'interessato (art. 6.1.a RGPD).<\/p><\/li><li data-start=\"3228\" data-end=\"3322\"><p data-start=\"3230\" data-end=\"3322\">L'esecuzione di un contratto o l'applicazione di misure precontrattuali (art. 6.1.b GDPR).<\/p><\/li><\/ul><h3 data-start=\"3329\" data-end=\"3365\"><strong data-start=\"3333\" data-end=\"3365\">5. Conservazione dei dati<\/strong><\/h3><p data-start=\"3366\" data-end=\"3541\">I dati personali saranno conservati per tutto il tempo in cui verr\u00e0 mantenuto il rapporto con l'utente e per tutto il tempo necessario a soddisfare gli obblighi di legge in materia.<\/p><h3 data-start=\"3548\" data-end=\"3591\"><strong data-start=\"3552\" data-end=\"3591\">6. Comunicazione dei dati a terzi<\/strong><\/h3><p data-start=\"3592\" data-end=\"3716\">I dati non saranno trasferiti a terzi, se non quando obbligati per legge o quando necessario per la corretta erogazione del servizio.<\/p><h3 data-start=\"3723\" data-end=\"3754\"><strong data-start=\"3727\" data-end=\"3754\">7. Diritti dell'utente<\/strong><\/h3><p data-start=\"3755\" data-end=\"3784\">L'utente ha il diritto di:<\/p><ul data-start=\"3785\" data-end=\"3996\"><li data-start=\"3785\" data-end=\"3820\"><p data-start=\"3787\" data-end=\"3820\">Accedere ai propri dati personali.<\/p><\/li><li data-start=\"3821\" data-end=\"3878\"><p data-start=\"3823\" data-end=\"3878\">Richiedere la loro rettifica o cancellazione.<\/p><\/li><li data-start=\"3879\" data-end=\"3907\"><p data-start=\"3881\" data-end=\"3907\">Trattamento opposto.<\/p><\/li><li data-start=\"3908\" data-end=\"3952\"><p data-start=\"3910\" data-end=\"3952\">Richiedere la limitazione del trattamento.<\/p><\/li><li data-start=\"3953\" data-end=\"3996\"><p data-start=\"3955\" data-end=\"3996\">Richiedere la portabilit\u00e0 dei propri dati.<\/p><\/li><\/ul><p data-start=\"3998\" data-end=\"4105\">Per esercitare tali diritti, potete scrivere a:<br data-start=\"4057\" data-end=\"4060\" \/><strong data-start=\"4060\" data-end=\"4103\"><a class=\"decorated-link cursor-pointer\" rel=\"noopener\" data-start=\"4062\" data-end=\"4101\">info@alojamientosuniversitariosalfil.es<\/a><\/strong><\/p><h3 data-start=\"4112\" data-end=\"4132\"><strong data-start=\"4116\" data-end=\"4132\">8. La sicurezza<\/strong><\/h3><p data-start=\"4133\" data-end=\"4336\"><strong data-start=\"4133\" data-end=\"4157\">RESYALMA NEO, SL.<\/strong> adotta le misure tecniche e organizzative necessarie per garantire la sicurezza dei dati personali ed evitarne l'alterazione, la perdita, il trattamento o l'accesso non autorizzato.<\/p><h3 data-start=\"173\" data-end=\"204\">9. Presentazione di un reclamo<\/h3><p data-start=\"206\" data-end=\"403\">Se non siete soddisfatti del modo in cui trattiamo o elaboriamo i vostri dati personali, vi preghiamo di comunicarcelo per prima cosa, in modo che possiamo cercare di risolvere il problema direttamente. Potete inviare il vostro reclamo a:<\/p><p data-start=\"405\" data-end=\"592\">RESYALMA NEO, SL<br data-start=\"429\" data-end=\"432\" \/>Calle Dr. Miguel D\u00edaz Recio, 37<br data-start=\"463\" data-end=\"466\" \/>Teatinos-Universidad, 29010 M\u00e1laga<br data-start=\"500\" data-end=\"503\" \/>E-mail: <a class=\"decorated-link cursor-pointer\" rel=\"noopener\" data-start=\"523\" data-end=\"562\">info@alojamientosuniversitariosalfil.es<\/a><br data-start=\"562\" data-end=\"565\" \/>Numero di telefono: (+34) 952 215 013<\/p><p data-start=\"594\" data-end=\"780\">Se, dopo averci contattato, ritenete che il vostro reclamo non sia stato trattato in modo appropriato, avete il diritto di presentare un reclamo all'Autorit\u00e0 per la protezione dei dati personali. <strong data-start=\"729\" data-end=\"779\">Agenzia spagnola per la protezione dei dati (AEPD)<\/strong>.<\/p>\t\t\t\t\t\t\t\t<\/div>\n\t\t\t\t\t<\/div>\n\t\t\t\t<\/div>\n\t\t\t\t<\/div>","protected":false},"excerpt":{"rendered":"<p>Esta pol\u00edtica de privacidad fue actualizada por \u00faltima vez el 29 de octubre de 2025, y se aplica a los usuarios del sitio web alojamientosuniversitariosalfil.es. 1. Responsable del tratamiento RESYALMA NEO, SL.Calle Dr. Miguel D\u00edaz Recio, 37Teatinos-Universidad29010 M\u00e1laga (Espa\u00f1a)Tel\u00e9fono: (+34) 952 215 013Correo electr\u00f3nico: info@alojamientosuniversitariosalfil.esCIF: B13760749 2. Datos que se recogen Podemos recopilar la siguiente [&hellip;]<\/p>\n","protected":false},"author":1,"featured_media":0,"parent":0,"menu_order":0,"comment_status":"closed","ping_status":"closed","template":"","meta":{"footnotes":""},"class_list":["post-591","page","type-page","status-publish","hentry"],"_links":{"self":[{"href":"https:\/\/alojamientosuniversitariosalfil.es\/it\/wp-json\/wp\/v2\/pages\/591","targetHints":{"allow":["GET"]}}],"collection":[{"href":"https:\/\/alojamientosuniversitariosalfil.es\/it\/wp-json\/wp\/v2\/pages"}],"about":[{"href":"https:\/\/alojamientosuniversitariosalfil.es\/it\/wp-json\/wp\/v2\/types\/page"}],"author":[{"embeddable":true,"href":"https:\/\/alojamientosuniversitariosalfil.es\/it\/wp-json\/wp\/v2\/users\/1"}],"replies":[{"embeddable":true,"href":"https:\/\/alojamientosuniversitariosalfil.es\/it\/wp-json\/wp\/v2\/comments?post=591"}],"version-history":[{"count":16,"href":"https:\/\/alojamientosuniversitariosalfil.es\/it\/wp-json\/wp\/v2\/pages\/591\/revisions"}],"predecessor-version":[{"id":697,"href":"https:\/\/alojamientosuniversitariosalfil.es\/it\/wp-json\/wp\/v2\/pages\/591\/revisions\/697"}],"wp:attachment":[{"href":"https:\/\/alojamientosuniversitariosalfil.es\/it\/wp-json\/wp\/v2\/media?parent=591"}],"curies":[{"name":"wp","href":"https:\/\/api.w.org\/{rel}","templated":true}]}}