{"id":589,"date":"2025-10-29T00:01:41","date_gmt":"2025-10-29T00:01:41","guid":{"rendered":"https:\/\/alojamientosuniversitariosalfil.es\/?page_id=589"},"modified":"2025-11-17T12:09:06","modified_gmt":"2025-11-17T12:09:06","slug":"aviso-legal","status":"publish","type":"page","link":"https:\/\/alojamientosuniversitariosalfil.es\/pt\/aviso-legal\/","title":{"rendered":"Aviso legal"},"content":{"rendered":"<div data-elementor-type=\"wp-page\" data-elementor-id=\"589\" class=\"elementor elementor-589\" data-elementor-post-type=\"page\">\n\t\t\t\t<div class=\"elementor-element elementor-element-b8b906a e-flex e-con-boxed e-con e-parent\" data-id=\"b8b906a\" data-element_type=\"container\" data-e-type=\"container\" data-settings=\"{&quot;background_background&quot;:&quot;classic&quot;}\">\n\t\t\t\t\t<div class=\"e-con-inner\">\n\t\t\t\t\t<\/div>\n\t\t\t\t<\/div>\n\t\t<div class=\"elementor-element elementor-element-91441a7 e-flex e-con-boxed e-con e-parent\" data-id=\"91441a7\" data-element_type=\"container\" data-e-type=\"container\">\n\t\t\t\t\t<div class=\"e-con-inner\">\n\t\t\t\t<div class=\"elementor-element elementor-element-96f8d1c elementor-widget elementor-widget-text-editor\" data-id=\"96f8d1c\" data-element_type=\"widget\" data-e-type=\"widget\" data-widget_type=\"text-editor.default\">\n\t\t\t\t\t\t\t\t\t<p data-start=\"307\" data-end=\"523\"><strong data-start=\"307\" data-end=\"331\">RESYALMA NEO, SL.<\/strong><br data-start=\"331\" data-end=\"334\" \/>Calle Dr. Miguel D\u00edaz Recio, 37<br data-start=\"365\" data-end=\"368\" \/>Universidade de Teatinos<br data-start=\"388\" data-end=\"391\" \/>29010 M\u00e1laga (Espanha)<br data-start=\"412\" data-end=\"415\" \/>N\u00famero de telefone: (+34) 952 215 013<br data-start=\"442\" data-end=\"445\" \/>Correio eletr\u00f3nico: <a class=\"decorated-link cursor-pointer\" rel=\"noopener\" data-start=\"465\" data-end=\"504\">info@alojamientosuniversitariosalfil.es<\/a><br data-start=\"504\" data-end=\"507\" \/>N\u00daMERO DE IVA: B13760749<\/p><h3 data-start=\"525\" data-end=\"554\"><strong data-start=\"529\" data-end=\"554\">1) Condi\u00e7\u00f5es de utiliza\u00e7\u00e3o<\/strong><\/h3><p data-start=\"555\" data-end=\"809\">Acesso e utiliza\u00e7\u00e3o do s\u00edtio Web <strong data-start=\"585\" data-end=\"623\">alojamientosuniversitariosalfil.es<\/strong> atribui a condi\u00e7\u00e3o de utilizador, que aceita plenamente e sem reservas todas as disposi\u00e7\u00f5es inclu\u00eddas no presente Aviso Legal no momento em que o utilizador acede ao s\u00edtio Web.<\/p><p data-start=\"811\" data-end=\"986\">O utilizador compromete-se a fazer uma utiliza\u00e7\u00e3o adequada do portal e dos servi\u00e7os oferecidos, em conformidade com a lei, a moral, os bons costumes e a ordem p\u00fablica.<\/p><h3 data-start=\"988\" data-end=\"1033\"><strong data-start=\"992\" data-end=\"1033\">2. Propriedade intelectual e industrial<\/strong><\/h3><p data-start=\"1034\" data-end=\"1280\">Todos os conte\u00fados do s\u00edtio Web (textos, fotografias, gr\u00e1ficos, imagens, \u00edcones, tecnologia, software, design gr\u00e1fico, c\u00f3digo fonte, etc.) s\u00e3o propriedade de\u00a0<strong data-start=\"1195\" data-end=\"1219\"><span style=\"color: #222222; font-family: 'Trebuchet MS', sans-serif; font-size: 14.6667px; font-weight: 400;\">RESYALMA NEO, SL<\/span>.<\/strong>, ou existe uma autoriza\u00e7\u00e3o ou licen\u00e7a para a sua utiliza\u00e7\u00e3o.<\/p><p data-start=\"1282\" data-end=\"1427\">A reprodu\u00e7\u00e3o, distribui\u00e7\u00e3o, comunica\u00e7\u00e3o p\u00fablica ou transforma\u00e7\u00e3o deste conte\u00fado \u00e9 proibida sem a autoriza\u00e7\u00e3o expressa do propriet\u00e1rio.<\/p><h3 data-start=\"1429\" data-end=\"1459\"><strong data-start=\"1433\" data-end=\"1459\">3. Pol\u00edtica de liga\u00e7\u00e3o<\/strong><\/h3><p data-start=\"1460\" data-end=\"1673\">Este s\u00edtio Web pode conter liga\u00e7\u00f5es a outros s\u00edtios geridos por terceiros. <strong>RESYALMA NEO, SL.<\/strong>\u00a0n\u00e3o \u00e9 respons\u00e1vel pelos conte\u00fados ou servi\u00e7os que possam ser oferecidos nesses s\u00edtios ligados.<\/p><h3 data-start=\"1675\" data-end=\"1715\"><strong data-start=\"1679\" data-end=\"1715\">4. Limita\u00e7\u00e3o da responsabilidade<\/strong><\/h3><p data-start=\"1716\" data-end=\"1918\">O propriet\u00e1rio n\u00e3o se responsabiliza pela utiliza\u00e7\u00e3o indevida que os utilizadores possam fazer dos conte\u00fados do s\u00edtio Web, nem por quaisquer danos ou preju\u00edzos decorrentes de erros ou falhas de liga\u00e7\u00e3o ou de acesso.<\/p>\t\t\t\t\t\t\t\t<\/div>\n\t\t\t\t\t<\/div>\n\t\t\t\t<\/div>\n\t\t\t\t<\/div>","protected":false},"excerpt":{"rendered":"<p>RESYALMA NEO, SL.Calle Dr. Miguel D\u00edaz Recio, 37Teatinos-Universidad29010 M\u00e1laga (Espa\u00f1a)Tel\u00e9fono: (+34) 952 215 013Correo electr\u00f3nico: info@alojamientosuniversitariosalfil.esCIF: B13760749 1. Condiciones de uso El acceso y uso del sitio web alojamientosuniversitariosalfil.es atribuye la condici\u00f3n de usuario, que acepta plenamente y sin reservas todas las disposiciones incluidas en este Aviso Legal en el momento mismo en que el [&hellip;]<\/p>\n","protected":false},"author":1,"featured_media":0,"parent":0,"menu_order":0,"comment_status":"closed","ping_status":"closed","template":"","meta":{"footnotes":""},"class_list":["post-589","page","type-page","status-publish","hentry"],"_links":{"self":[{"href":"https:\/\/alojamientosuniversitariosalfil.es\/pt\/wp-json\/wp\/v2\/pages\/589","targetHints":{"allow":["GET"]}}],"collection":[{"href":"https:\/\/alojamientosuniversitariosalfil.es\/pt\/wp-json\/wp\/v2\/pages"}],"about":[{"href":"https:\/\/alojamientosuniversitariosalfil.es\/pt\/wp-json\/wp\/v2\/types\/page"}],"author":[{"embeddable":true,"href":"https:\/\/alojamientosuniversitariosalfil.es\/pt\/wp-json\/wp\/v2\/users\/1"}],"replies":[{"embeddable":true,"href":"https:\/\/alojamientosuniversitariosalfil.es\/pt\/wp-json\/wp\/v2\/comments?post=589"}],"version-history":[{"count":13,"href":"https:\/\/alojamientosuniversitariosalfil.es\/pt\/wp-json\/wp\/v2\/pages\/589\/revisions"}],"predecessor-version":[{"id":694,"href":"https:\/\/alojamientosuniversitariosalfil.es\/pt\/wp-json\/wp\/v2\/pages\/589\/revisions\/694"}],"wp:attachment":[{"href":"https:\/\/alojamientosuniversitariosalfil.es\/pt\/wp-json\/wp\/v2\/media?parent=589"}],"curies":[{"name":"wp","href":"https:\/\/api.w.org\/{rel}","templated":true}]}}