{"id":591,"date":"2025-10-29T00:02:06","date_gmt":"2025-10-29T00:02:06","guid":{"rendered":"https:\/\/alojamientosuniversitariosalfil.es\/?page_id=591"},"modified":"2025-11-17T12:09:59","modified_gmt":"2025-11-17T12:09:59","slug":"politica-de-privacidad","status":"publish","type":"page","link":"https:\/\/alojamientosuniversitariosalfil.es\/pt\/politica-de-privacidad\/","title":{"rendered":"Pol\u00edtica de privacidade"},"content":{"rendered":"<div data-elementor-type=\"wp-page\" data-elementor-id=\"591\" class=\"elementor elementor-591\" data-elementor-post-type=\"page\">\n\t\t\t\t<div class=\"elementor-element elementor-element-1eab61c e-flex e-con-boxed e-con e-parent\" data-id=\"1eab61c\" data-element_type=\"container\" data-e-type=\"container\" data-settings=\"{&quot;background_background&quot;:&quot;classic&quot;}\">\n\t\t\t\t\t<div class=\"e-con-inner\">\n\t\t\t\t\t<\/div>\n\t\t\t\t<\/div>\n\t\t<div class=\"elementor-element elementor-element-cd5e439 e-flex e-con-boxed e-con e-parent\" data-id=\"cd5e439\" data-element_type=\"container\" data-e-type=\"container\">\n\t\t\t\t\t<div class=\"e-con-inner\">\n\t\t\t\t<div class=\"elementor-element elementor-element-f6c7493 elementor-widget elementor-widget-text-editor\" data-id=\"f6c7493\" data-element_type=\"widget\" data-e-type=\"widget\" data-widget_type=\"text-editor.default\">\n\t\t\t\t\t\t\t\t\t<p data-start=\"1959\" data-end=\"2130\">Esta pol\u00edtica de privacidad fue actualizada por \u00faltima vez el <strong data-start=\"2021\" data-end=\"2046\">29 de octubre de 2025<\/strong>, y se aplica a los usuarios del sitio web <strong data-start=\"2089\" data-end=\"2127\">alojamientosuniversitariosalfil.es<\/strong>.<\/p><h3 data-start=\"2132\" data-end=\"2170\"><strong data-start=\"2136\" data-end=\"2170\">1. Responsable del tratamiento<\/strong><\/h3><p data-start=\"2171\" data-end=\"2377\"><strong data-start=\"307\" data-end=\"331\">RESYALMA NEO, SL.<\/strong><br data-start=\"331\" data-end=\"334\" \/>Calle Dr. Miguel D\u00edaz Recio, 37<br data-start=\"365\" data-end=\"368\" \/>Universidade de Teatinos<br data-start=\"388\" data-end=\"391\" \/>29010 M\u00e1laga (Espanha)<br data-start=\"412\" data-end=\"415\" \/>N\u00famero de telefone: (+34) 952 215 013<br data-start=\"442\" data-end=\"445\" \/>Correio eletr\u00f3nico: <a class=\"decorated-link cursor-pointer\" rel=\"noopener\" data-start=\"465\" data-end=\"504\">info@alojamientosuniversitariosalfil.es<\/a><br data-start=\"504\" data-end=\"507\" \/>N\u00daMERO DE IVA: B13760749<\/p><h3 data-start=\"2384\" data-end=\"2415\"><strong data-start=\"2388\" data-end=\"2415\">2. Datos que se recogen<\/strong><\/h3><p data-start=\"2416\" data-end=\"2461\">Podemos recopilar la siguiente informaci\u00f3n:<\/p><ul data-start=\"2462\" data-end=\"2586\"><li data-start=\"2462\" data-end=\"2484\"><p data-start=\"2464\" data-end=\"2484\">Nombre y apellidos<\/p><\/li><li data-start=\"2485\" data-end=\"2507\"><p data-start=\"2487\" data-end=\"2507\">Correo electr\u00f3nico<\/p><\/li><li data-start=\"2508\" data-end=\"2532\"><p data-start=\"2510\" data-end=\"2532\">Tel\u00e9fono de contacto<\/p><\/li><li data-start=\"2533\" data-end=\"2586\"><p data-start=\"2535\" data-end=\"2586\">Datos de facturaci\u00f3n o identificaci\u00f3n (si aplica)<\/p><\/li><\/ul><p data-start=\"2588\" data-end=\"2720\">Los datos son recogidos \u00fanicamente cuando el usuario contacta con nosotros a trav\u00e9s del formulario, correo electr\u00f3nico o tel\u00e9fono.<\/p><h3 data-start=\"2727\" data-end=\"2763\"><strong data-start=\"2731\" data-end=\"2763\">3. Finalidad del tratamiento<\/strong><\/h3><p data-start=\"2764\" data-end=\"2828\">Los datos personales se tratan con las siguientes finalidades:<\/p><ul data-start=\"2829\" data-end=\"3088\"><li data-start=\"2829\" data-end=\"2880\"><p data-start=\"2831\" data-end=\"2880\">Gestionar las solicitudes o reservas recibidas.<\/p><\/li><li data-start=\"2881\" data-end=\"2936\"><p data-start=\"2883\" data-end=\"2936\">Responder a consultas o solicitudes de informaci\u00f3n.<\/p><\/li><li data-start=\"2937\" data-end=\"2988\"><p data-start=\"2939\" data-end=\"2988\">Mantener la relaci\u00f3n contractual y\/o comercial.<\/p><\/li><li data-start=\"2989\" data-end=\"3088\"><p data-start=\"2991\" data-end=\"3088\">Enviar informaci\u00f3n relacionada con los servicios ofrecidos (siempre con consentimiento previo).<\/p><\/li><\/ul><h3 data-start=\"3095\" data-end=\"3118\"><strong data-start=\"3099\" data-end=\"3118\">4. Legitimaci\u00f3n<\/strong><\/h3><p data-start=\"3119\" data-end=\"3171\">La base legal para el tratamiento de los datos es:<\/p><ul data-start=\"3172\" data-end=\"3322\"><li data-start=\"3172\" data-end=\"3227\"><p data-start=\"3174\" data-end=\"3227\">El consentimiento del interesado (art. 6.1.a RGPD).<\/p><\/li><li data-start=\"3228\" data-end=\"3322\"><p data-start=\"3230\" data-end=\"3322\">La ejecuci\u00f3n de un contrato o la aplicaci\u00f3n de medidas precontractuales (art. 6.1.b RGPD).<\/p><\/li><\/ul><h3 data-start=\"3329\" data-end=\"3365\"><strong data-start=\"3333\" data-end=\"3365\">5. Conservaci\u00f3n de los datos<\/strong><\/h3><p data-start=\"3366\" data-end=\"3541\">Los datos personales se conservar\u00e1n mientras se mantenga la relaci\u00f3n con el usuario y durante el tiempo necesario para cumplir con las obligaciones legales correspondientes.<\/p><h3 data-start=\"3548\" data-end=\"3591\"><strong data-start=\"3552\" data-end=\"3591\">6. Comunicaci\u00f3n de datos a terceros<\/strong><\/h3><p data-start=\"3592\" data-end=\"3716\">No se ceder\u00e1n datos a terceros, salvo obligaci\u00f3n legal o en los casos necesarios para la correcta prestaci\u00f3n del servicio.<\/p><h3 data-start=\"3723\" data-end=\"3754\"><strong data-start=\"3727\" data-end=\"3754\">7. Derechos del usuario<\/strong><\/h3><p data-start=\"3755\" data-end=\"3784\">El usuario tiene derecho a:<\/p><ul data-start=\"3785\" data-end=\"3996\"><li data-start=\"3785\" data-end=\"3820\"><p data-start=\"3787\" data-end=\"3820\">Acceder a sus datos personales.<\/p><\/li><li data-start=\"3821\" data-end=\"3878\"><p data-start=\"3823\" data-end=\"3878\">Solicitar la rectificaci\u00f3n o supresi\u00f3n de los mismos.<\/p><\/li><li data-start=\"3879\" data-end=\"3907\"><p data-start=\"3881\" data-end=\"3907\">Oponerse al tratamiento.<\/p><\/li><li data-start=\"3908\" data-end=\"3952\"><p data-start=\"3910\" data-end=\"3952\">Solicitar la limitaci\u00f3n del tratamiento.<\/p><\/li><li data-start=\"3953\" data-end=\"3996\"><p data-start=\"3955\" data-end=\"3996\">Solicitar la portabilidad de sus datos.<\/p><\/li><\/ul><p data-start=\"3998\" data-end=\"4105\">Para ejercer estos derechos, puede dirigirse por escrito a:<br data-start=\"4057\" data-end=\"4060\" \/><strong data-start=\"4060\" data-end=\"4103\"><a class=\"decorated-link cursor-pointer\" rel=\"noopener\" data-start=\"4062\" data-end=\"4101\">info@alojamientosuniversitariosalfil.es<\/a><\/strong><\/p><h3 data-start=\"4112\" data-end=\"4132\"><strong data-start=\"4116\" data-end=\"4132\">8. Seguridad<\/strong><\/h3><p data-start=\"4133\" data-end=\"4336\"><strong data-start=\"4133\" data-end=\"4157\">RESYALMA NEO, SL.<\/strong> adopta las medidas t\u00e9cnicas y organizativas necesarias para garantizar la seguridad de los datos personales y evitar su alteraci\u00f3n, p\u00e9rdida, tratamiento o acceso no autorizado.<\/p><h3 data-start=\"173\" data-end=\"204\">9. Env\u00edo de una reclamaci\u00f3n<\/h3><p data-start=\"206\" data-end=\"403\">Si no est\u00e1 satisfecho\/a con la forma en que tratamos o procesamos sus datos personales, le rogamos que nos lo comunique primero para intentar resolverlo directamente. Puede enviar su reclamaci\u00f3n a:<\/p><p data-start=\"405\" data-end=\"592\">RESYALMA NEO, SL<br data-start=\"429\" data-end=\"432\" \/>Calle Dr. Miguel D\u00edaz Recio, 37<br data-start=\"463\" data-end=\"466\" \/>Teatinos-Universidad, 29010 M\u00e1laga<br data-start=\"500\" data-end=\"503\" \/>Correio eletr\u00f3nico: <a class=\"decorated-link cursor-pointer\" rel=\"noopener\" data-start=\"523\" data-end=\"562\">info@alojamientosuniversitariosalfil.es<\/a><br data-start=\"562\" data-end=\"565\" \/>N\u00famero de telefone: (+34) 952 215 013<\/p><p data-start=\"594\" data-end=\"780\">Si tras contactarnos considera que su reclamaci\u00f3n no ha sido atendida adecuadamente, tiene derecho a presentar una reclamaci\u00f3n ante la <strong data-start=\"729\" data-end=\"779\">Agencia Espa\u00f1ola de Protecci\u00f3n de Datos (AEPD)<\/strong>.<\/p>\t\t\t\t\t\t\t\t<\/div>\n\t\t\t\t\t<\/div>\n\t\t\t\t<\/div>\n\t\t\t\t<\/div>","protected":false},"excerpt":{"rendered":"<p>Esta pol\u00edtica de privacidad fue actualizada por \u00faltima vez el 29 de octubre de 2025, y se aplica a los usuarios del sitio web alojamientosuniversitariosalfil.es. 1. Responsable del tratamiento RESYALMA NEO, SL.Calle Dr. Miguel D\u00edaz Recio, 37Teatinos-Universidad29010 M\u00e1laga (Espa\u00f1a)Tel\u00e9fono: (+34) 952 215 013Correo electr\u00f3nico: info@alojamientosuniversitariosalfil.esCIF: B13760749 2. Datos que se recogen Podemos recopilar la siguiente [&hellip;]<\/p>\n","protected":false},"author":1,"featured_media":0,"parent":0,"menu_order":0,"comment_status":"closed","ping_status":"closed","template":"","meta":{"footnotes":""},"class_list":["post-591","page","type-page","status-publish","hentry"],"_links":{"self":[{"href":"https:\/\/alojamientosuniversitariosalfil.es\/pt\/wp-json\/wp\/v2\/pages\/591","targetHints":{"allow":["GET"]}}],"collection":[{"href":"https:\/\/alojamientosuniversitariosalfil.es\/pt\/wp-json\/wp\/v2\/pages"}],"about":[{"href":"https:\/\/alojamientosuniversitariosalfil.es\/pt\/wp-json\/wp\/v2\/types\/page"}],"author":[{"embeddable":true,"href":"https:\/\/alojamientosuniversitariosalfil.es\/pt\/wp-json\/wp\/v2\/users\/1"}],"replies":[{"embeddable":true,"href":"https:\/\/alojamientosuniversitariosalfil.es\/pt\/wp-json\/wp\/v2\/comments?post=591"}],"version-history":[{"count":16,"href":"https:\/\/alojamientosuniversitariosalfil.es\/pt\/wp-json\/wp\/v2\/pages\/591\/revisions"}],"predecessor-version":[{"id":697,"href":"https:\/\/alojamientosuniversitariosalfil.es\/pt\/wp-json\/wp\/v2\/pages\/591\/revisions\/697"}],"wp:attachment":[{"href":"https:\/\/alojamientosuniversitariosalfil.es\/pt\/wp-json\/wp\/v2\/media?parent=591"}],"curies":[{"name":"wp","href":"https:\/\/api.w.org\/{rel}","templated":true}]}}