{"id":708,"date":"2025-11-17T12:36:58","date_gmt":"2025-11-17T12:36:58","guid":{"rendered":"https:\/\/alojamientosuniversitariosalfil.es\/?page_id=708"},"modified":"2025-11-17T12:41:42","modified_gmt":"2025-11-17T12:41:42","slug":"tour-360","status":"publish","type":"page","link":"https:\/\/alojamientosuniversitariosalfil.es\/pt\/tour-360\/","title":{"rendered":"Tour Virtual 360"},"content":{"rendered":"<div data-elementor-type=\"wp-page\" data-elementor-id=\"708\" class=\"elementor elementor-708\" data-elementor-post-type=\"page\">\n\t\t\t\t<div class=\"elementor-element elementor-element-53099bd e-flex e-con-boxed e-con e-parent\" data-id=\"53099bd\" data-element_type=\"container\" data-e-type=\"container\" data-settings=\"{&quot;background_background&quot;:&quot;classic&quot;}\">\n\t\t\t\t\t<div class=\"e-con-inner\">\n\t\t\t\t\t<\/div>\n\t\t\t\t<\/div>\n\t\t<div class=\"elementor-element elementor-element-b28b2bf e-flex e-con-boxed e-con e-parent\" data-id=\"b28b2bf\" data-element_type=\"container\" data-e-type=\"container\">\n\t\t\t\t\t<div class=\"e-con-inner\">\n\t\t<div class=\"elementor-element elementor-element-21f03f2 e-con-full e-flex e-con e-child\" data-id=\"21f03f2\" data-element_type=\"container\" data-e-type=\"container\">\n\t\t<div class=\"elementor-element elementor-element-20f9b16 e-con-full e-flex e-con e-child\" data-id=\"20f9b16\" data-element_type=\"container\" data-e-type=\"container\">\n\t\t\t\t<div class=\"elementor-element elementor-element-48b54a9 elementor-widget__width-auto elementor-invisible elementor-widget elementor-widget-image\" data-id=\"48b54a9\" data-element_type=\"widget\" data-e-type=\"widget\" data-settings=\"{&quot;_animation&quot;:&quot;fadeInLeft&quot;}\" data-widget_type=\"image.default\">\n\t\t\t\t\t\t\t\t\t\t\t\t\t\t\t<img decoding=\"async\" width=\"30\" height=\"30\" src=\"https:\/\/alojamientosuniversitariosalfil.es\/wp-content\/uploads\/2025\/10\/Rectangle-5.jpg\" class=\"attachment-large size-large wp-image-23\" alt=\"\" \/>\t\t\t\t\t\t\t\t\t\t\t\t\t\t\t<\/div>\n\t\t\t\t<div class=\"elementor-element elementor-element-0dbdbec elementor-widget__width-auto elementor-widget elementor-widget-heading\" data-id=\"0dbdbec\" data-element_type=\"widget\" data-e-type=\"widget\" data-widget_type=\"heading.default\">\n\t\t\t\t\t<h2 class=\"elementor-heading-title elementor-size-default\">tour 360<\/h2>\t\t\t\t<\/div>\n\t\t\t\t<\/div>\n\t\t\t\t<div class=\"elementor-element elementor-element-984a63b elementor-widget elementor-widget-heading\" data-id=\"984a63b\" data-element_type=\"widget\" data-e-type=\"widget\" data-widget_type=\"heading.default\">\n\t\t\t\t\t<h3 class=\"elementor-heading-title elementor-size-default\">Vive la residencia desde dentro<\/h3>\t\t\t\t<\/div>\n\t\t\t\t<div class=\"elementor-element elementor-element-d8bf749 elementor-widget-divider--separator-type-pattern elementor-widget-divider--view-line elementor-widget elementor-widget-divider\" data-id=\"d8bf749\" data-element_type=\"widget\" data-e-type=\"widget\" data-widget_type=\"divider.default\">\n\t\t\t\t\t\t\t<div class=\"elementor-divider\" style=\"--divider-pattern-url: url(&quot;data:image\/svg+xml,%3Csvg xmlns=&#039;http:\/\/www.w3.org\/2000\/svg&#039; preserveAspectRatio=&#039;none&#039; overflow=&#039;visible&#039; height=&#039;100%&#039; viewBox=&#039;0 0 24 24&#039; fill=&#039;none&#039; stroke=&#039;black&#039; stroke-width=&#039;2&#039; stroke-linecap=&#039;square&#039; stroke-miterlimit=&#039;10&#039;%3E%3Cpolyline points=&#039;0,18 12,6 24,18 &#039;\/%3E%3C\/svg%3E&quot;);\">\n\t\t\t<span class=\"elementor-divider-separator\">\n\t\t\t\t\t\t<\/span>\n\t\t<\/div>\n\t\t\t\t\t\t<\/div>\n\t\t\t\t<div class=\"elementor-element elementor-element-028e148 elementor-widget__width-initial elementor-widget-tablet__width-inherit elementor-widget-mobile__width-inherit elementor-widget elementor-widget-text-editor\" data-id=\"028e148\" data-element_type=\"widget\" data-e-type=\"widget\" data-widget_type=\"text-editor.default\">\n\t\t\t\t\t\t\t\t\t<p><span class=\"group-hover\/language-learning:border-foreground border-subtle cursor-pointer hyphens-auto break-words border-b-2 border-dotted outline-none transition-colors duration-200 ease-out font-sans text-base font-medium text-foreground selection:bg-super\/50 selection:text-foreground dark:selection:bg-super\/10 dark:selection:text-super\">Haz un recorrido virtual por la residencia y descubre, en 360\u00ba, todos los espacios que formar\u00e1n parte de tu d\u00eda a d\u00eda: habitaciones, zonas comunes, gimnasio, salas de ocio y estudio. Mu\u00e9vete libremente por cada planta, comprueba el ambiente y visualiza c\u00f3mo ser\u00e1 tu vida aqu\u00ed antes incluso de hacer la maleta.<\/span><\/p>\t\t\t\t\t\t\t\t<\/div>\n\t\t\t\t<\/div>\n\t\t\t\t\t<\/div>\n\t\t\t\t<\/div>\n\t\t\t\t<\/div>","protected":false},"excerpt":{"rendered":"<p>tour 360 Vive la residencia desde dentro Haz un recorrido virtual por la residencia y descubre, en 360\u00ba, todos los espacios que formar\u00e1n parte de tu d\u00eda a d\u00eda: habitaciones, zonas comunes, gimnasio, salas de ocio y estudio. Mu\u00e9vete libremente por cada planta, comprueba el ambiente y visualiza c\u00f3mo ser\u00e1 tu vida aqu\u00ed antes incluso [&hellip;]<\/p>\n","protected":false},"author":1,"featured_media":0,"parent":0,"menu_order":0,"comment_status":"closed","ping_status":"closed","template":"","meta":{"footnotes":""},"class_list":["post-708","page","type-page","status-publish","hentry"],"_links":{"self":[{"href":"https:\/\/alojamientosuniversitariosalfil.es\/pt\/wp-json\/wp\/v2\/pages\/708","targetHints":{"allow":["GET"]}}],"collection":[{"href":"https:\/\/alojamientosuniversitariosalfil.es\/pt\/wp-json\/wp\/v2\/pages"}],"about":[{"href":"https:\/\/alojamientosuniversitariosalfil.es\/pt\/wp-json\/wp\/v2\/types\/page"}],"author":[{"embeddable":true,"href":"https:\/\/alojamientosuniversitariosalfil.es\/pt\/wp-json\/wp\/v2\/users\/1"}],"replies":[{"embeddable":true,"href":"https:\/\/alojamientosuniversitariosalfil.es\/pt\/wp-json\/wp\/v2\/comments?post=708"}],"version-history":[{"count":7,"href":"https:\/\/alojamientosuniversitariosalfil.es\/pt\/wp-json\/wp\/v2\/pages\/708\/revisions"}],"predecessor-version":[{"id":722,"href":"https:\/\/alojamientosuniversitariosalfil.es\/pt\/wp-json\/wp\/v2\/pages\/708\/revisions\/722"}],"wp:attachment":[{"href":"https:\/\/alojamientosuniversitariosalfil.es\/pt\/wp-json\/wp\/v2\/media?parent=708"}],"curies":[{"name":"wp","href":"https:\/\/api.w.org\/{rel}","templated":true}]}}