{"id":591,"date":"2025-10-29T00:02:06","date_gmt":"2025-10-29T00:02:06","guid":{"rendered":"https:\/\/alojamientosuniversitariosalfil.es\/?page_id=591"},"modified":"2025-11-17T12:09:59","modified_gmt":"2025-11-17T12:09:59","slug":"%d0%bf%d0%be%d0%bb%d1%96%d1%82%d0%b8%d0%ba%d0%b0-%d0%ba%d0%be%d0%bd%d1%84%d1%96%d0%b4%d0%b5%d0%bd%d1%86%d1%96%d0%b9%d0%bd%d0%be%d1%81%d1%82%d1%96","status":"publish","type":"page","link":"https:\/\/alojamientosuniversitariosalfil.es\/uk\/politica-de-privacidad\/","title":{"rendered":"\u041f\u043e\u043b\u0456\u0442\u0438\u043a\u0430 \u043a\u043e\u043d\u0444\u0456\u0434\u0435\u043d\u0446\u0456\u0439\u043d\u043e\u0441\u0442\u0456"},"content":{"rendered":"<div data-elementor-type=\"wp-page\" data-elementor-id=\"591\" class=\"elementor elementor-591\" data-elementor-post-type=\"page\">\n\t\t\t\t<div class=\"elementor-element elementor-element-1eab61c e-flex e-con-boxed e-con e-parent\" data-id=\"1eab61c\" data-element_type=\"container\" data-e-type=\"container\" data-settings=\"{&quot;background_background&quot;:&quot;classic&quot;}\">\n\t\t\t\t\t<div class=\"e-con-inner\">\n\t\t\t\t\t<\/div>\n\t\t\t\t<\/div>\n\t\t<div class=\"elementor-element elementor-element-cd5e439 e-flex e-con-boxed e-con e-parent\" data-id=\"cd5e439\" data-element_type=\"container\" data-e-type=\"container\">\n\t\t\t\t\t<div class=\"e-con-inner\">\n\t\t\t\t<div class=\"elementor-element elementor-element-f6c7493 elementor-widget elementor-widget-text-editor\" data-id=\"f6c7493\" data-element_type=\"widget\" data-e-type=\"widget\" data-widget_type=\"text-editor.default\">\n\t\t\t\t\t\t\t\t\t<p data-start=\"1959\" data-end=\"2130\">\u0426\u044f \u043f\u043e\u043b\u0456\u0442\u0438\u043a\u0430 \u043a\u043e\u043d\u0444\u0456\u0434\u0435\u043d\u0446\u0456\u0439\u043d\u043e\u0441\u0442\u0456 \u0432\u043e\u0441\u0442\u0430\u043d\u043d\u0454 \u0431\u0443\u043b\u0430 \u043e\u043d\u043e\u0432\u043b\u0435\u043d\u0430 <strong data-start=\"2021\" data-end=\"2046\">29 \u0436\u043e\u0432\u0442\u043d\u044f 2025 \u0440\u043e\u043a\u0443<\/strong>, \u0456 \u043f\u043e\u0448\u0438\u0440\u044e\u0454\u0442\u044c\u0441\u044f \u043d\u0430 \u043a\u043e\u0440\u0438\u0441\u0442\u0443\u0432\u0430\u0447\u0456\u0432 \u0432\u0435\u0431-\u0441\u0430\u0439\u0442\u0443 <strong data-start=\"2089\" data-end=\"2127\">alojamientosuniversitariosalfil.es<\/strong>.<\/p><h3 data-start=\"2132\" data-end=\"2170\"><strong data-start=\"2136\" data-end=\"2170\">1. \u043a\u043e\u043d\u0442\u0440\u043e\u043b\u0435\u0440 \u0434\u0430\u043d\u0438\u0445<\/strong><\/h3><p data-start=\"2171\" data-end=\"2377\"><strong data-start=\"307\" data-end=\"331\">RESYALMA NEO, SL.<\/strong><br data-start=\"331\" data-end=\"334\" \/>Calle Dr. Miguel D\u00edaz Recio, 37<br data-start=\"365\" data-end=\"368\" \/>Teatinos-University<br data-start=\"388\" data-end=\"391\" \/>29010 \u041c\u0430\u043b\u0430\u0433\u0430 (\u0406\u0441\u043f\u0430\u043d\u0456\u044f)<br data-start=\"412\" data-end=\"415\" \/>\u041d\u043e\u043c\u0435\u0440 \u0442\u0435\u043b\u0435\u0444\u043e\u043d\u0443: (+34) 952 215 013<br data-start=\"442\" data-end=\"445\" \/>\u0415\u043b\u0435\u043a\u0442\u0440\u043e\u043d\u043d\u0430 \u043f\u043e\u0448\u0442\u0430: <a class=\"decorated-link cursor-pointer\" rel=\"noopener\" data-start=\"465\" data-end=\"504\">info@alojamientosuniversitariosalfil.es<\/a><br data-start=\"504\" data-end=\"507\" \/>\u041d\u041e\u041c\u0415\u0420 \u0427\u0410\u041d\u0423: B13760749<\/p><h3 data-start=\"2384\" data-end=\"2415\"><strong data-start=\"2388\" data-end=\"2415\">2. \u0414\u0430\u043d\u0456, \u044f\u043a\u0456 \u043d\u0435\u043e\u0431\u0445\u0456\u0434\u043d\u043e \u0437\u0456\u0431\u0440\u0430\u0442\u0438<\/strong><\/h3><p data-start=\"2416\" data-end=\"2461\">\u041c\u0438 \u043c\u043e\u0436\u0435\u043c\u043e \u0437\u0431\u0438\u0440\u0430\u0442\u0438 \u043d\u0430\u0441\u0442\u0443\u043f\u043d\u0443 \u0456\u043d\u0444\u043e\u0440\u043c\u0430\u0446\u0456\u044e:<\/p><ul data-start=\"2462\" data-end=\"2586\"><li data-start=\"2462\" data-end=\"2484\"><p data-start=\"2464\" data-end=\"2484\">\u0406\u043c'\u044f \u0442\u0430 \u043f\u0440\u0456\u0437\u0432\u0438\u0449\u0435<\/p><\/li><li data-start=\"2485\" data-end=\"2507\"><p data-start=\"2487\" data-end=\"2507\">\u0410\u0434\u0440\u0435\u0441\u0430 \u0435\u043b\u0435\u043a\u0442\u0440\u043e\u043d\u043d\u043e\u0457 \u043f\u043e\u0448\u0442\u0438<\/p><\/li><li data-start=\"2508\" data-end=\"2532\"><p data-start=\"2510\" data-end=\"2532\">\u041a\u043e\u043d\u0442\u0430\u043a\u0442\u043d\u0438\u0439 \u043d\u043e\u043c\u0435\u0440 \u0442\u0435\u043b\u0435\u0444\u043e\u043d\u0443<\/p><\/li><li data-start=\"2533\" data-end=\"2586\"><p data-start=\"2535\" data-end=\"2586\">\u0420\u0435\u043a\u0432\u0456\u0437\u0438\u0442\u0438 \u0434\u043b\u044f \u0432\u0438\u0441\u0442\u0430\u0432\u043b\u0435\u043d\u043d\u044f \u0440\u0430\u0445\u0443\u043d\u043a\u0443 \u0430\u0431\u043e \u0456\u0434\u0435\u043d\u0442\u0438\u0444\u0456\u043a\u0430\u0446\u0456\u0439\u043d\u0456 \u0434\u0430\u043d\u0456 (\u0437\u0430 \u043d\u0430\u044f\u0432\u043d\u043e\u0441\u0442\u0456)<\/p><\/li><\/ul><p data-start=\"2588\" data-end=\"2720\">\u0414\u0430\u043d\u0456 \u0437\u0431\u0438\u0440\u0430\u044e\u0442\u044c\u0441\u044f \u0442\u0456\u043b\u044c\u043a\u0438 \u0442\u043e\u0434\u0456, \u043a\u043e\u043b\u0438 \u043a\u043e\u0440\u0438\u0441\u0442\u0443\u0432\u0430\u0447 \u0437\u0432'\u044f\u0437\u0443\u0454\u0442\u044c\u0441\u044f \u0437 \u043d\u0430\u043c\u0438 \u0447\u0435\u0440\u0435\u0437 \u0444\u043e\u0440\u043c\u0443, \u0435\u043b\u0435\u043a\u0442\u0440\u043e\u043d\u043d\u0443 \u043f\u043e\u0448\u0442\u0443 \u0430\u0431\u043e \u0442\u0435\u043b\u0435\u0444\u043e\u043d.<\/p><h3 data-start=\"2727\" data-end=\"2763\"><strong data-start=\"2731\" data-end=\"2763\">3. \u041c\u0435\u0442\u0430 \u043e\u0431\u0440\u043e\u0431\u043a\u0438<\/strong><\/h3><p data-start=\"2764\" data-end=\"2828\">\u041f\u0435\u0440\u0441\u043e\u043d\u0430\u043b\u044c\u043d\u0456 \u0434\u0430\u043d\u0456 \u043e\u0431\u0440\u043e\u0431\u043b\u044f\u044e\u0442\u044c\u0441\u044f \u0434\u043b\u044f \u043d\u0430\u0441\u0442\u0443\u043f\u043d\u0438\u0445 \u0446\u0456\u043b\u0435\u0439:<\/p><ul data-start=\"2829\" data-end=\"3088\"><li data-start=\"2829\" data-end=\"2880\"><p data-start=\"2831\" data-end=\"2880\">\u041a\u0435\u0440\u0443\u0439\u0442\u0435 \u043e\u0442\u0440\u0438\u043c\u0430\u043d\u0438\u043c\u0438 \u0437\u0430\u043f\u0438\u0442\u0430\u043c\u0438 \u0430\u0431\u043e \u0431\u0440\u043e\u043d\u044e\u0432\u0430\u043d\u043d\u044f\u043c\u0438.<\/p><\/li><li data-start=\"2881\" data-end=\"2936\"><p data-start=\"2883\" data-end=\"2936\">\u0412\u0456\u0434\u043f\u043e\u0432\u0456\u0434\u0430\u0439\u0442\u0435 \u043d\u0430 \u0437\u0430\u043f\u0438\u0442\u0438 \u0430\u0431\u043e \u043f\u0440\u043e\u0445\u0430\u043d\u043d\u044f \u043f\u0440\u043e \u043d\u0430\u0434\u0430\u043d\u043d\u044f \u0456\u043d\u0444\u043e\u0440\u043c\u0430\u0446\u0456\u0457.<\/p><\/li><li data-start=\"2937\" data-end=\"2988\"><p data-start=\"2939\" data-end=\"2988\">\u041f\u0456\u0434\u0442\u0440\u0438\u043c\u0443\u0432\u0430\u0442\u0438 \u0434\u043e\u0433\u043e\u0432\u0456\u0440\u043d\u0456 \u0442\u0430\/\u0430\u0431\u043e \u043a\u043e\u043c\u0435\u0440\u0446\u0456\u0439\u043d\u0456 \u0432\u0456\u0434\u043d\u043e\u0441\u0438\u043d\u0438.<\/p><\/li><li data-start=\"2989\" data-end=\"3088\"><p data-start=\"2991\" data-end=\"3088\">\u041d\u0430\u0434\u0441\u0438\u043b\u0430\u0442\u0438 \u0456\u043d\u0444\u043e\u0440\u043c\u0430\u0446\u0456\u044e, \u043f\u043e\u0432'\u044f\u0437\u0430\u043d\u0443 \u0437 \u043f\u0440\u043e\u043f\u043e\u043d\u043e\u0432\u0430\u043d\u0438\u043c\u0438 \u043f\u043e\u0441\u043b\u0443\u0433\u0430\u043c\u0438 (\u0437\u0430\u0432\u0436\u0434\u0438 \u0437\u0430 \u043f\u043e\u043f\u0435\u0440\u0435\u0434\u043d\u044c\u043e\u044e \u0437\u0433\u043e\u0434\u043e\u044e).<\/p><\/li><\/ul><h3 data-start=\"3095\" data-end=\"3118\"><strong data-start=\"3099\" data-end=\"3118\">4. \u041b\u0435\u0433\u0456\u0442\u0438\u043c\u0430\u0446\u0456\u044f<\/strong><\/h3><p data-start=\"3119\" data-end=\"3171\">\u041f\u0440\u0430\u0432\u043e\u0432\u043e\u044e \u043e\u0441\u043d\u043e\u0432\u043e\u044e \u0434\u043b\u044f \u043e\u0431\u0440\u043e\u0431\u043a\u0438 \u0434\u0430\u043d\u0438\u0445 \u0454:<\/p><ul data-start=\"3172\" data-end=\"3322\"><li data-start=\"3172\" data-end=\"3227\"><p data-start=\"3174\" data-end=\"3227\">\u0417\u0433\u043e\u0434\u0430 \u0441\u0443\u0431'\u0454\u043a\u0442\u0430 \u0434\u0430\u043d\u0438\u0445 (\u0441\u0442. 6.1.a RGPD).<\/p><\/li><li data-start=\"3228\" data-end=\"3322\"><p data-start=\"3230\" data-end=\"3322\">\u0412\u0438\u043a\u043e\u043d\u0430\u043d\u043d\u044f \u0434\u043e\u0433\u043e\u0432\u043e\u0440\u0443 \u0430\u0431\u043e \u0437\u0430\u0441\u0442\u043e\u0441\u0443\u0432\u0430\u043d\u043d\u044f \u043f\u0435\u0440\u0435\u0434\u0434\u043e\u0433\u043e\u0432\u0456\u0440\u043d\u0438\u0445 \u0437\u0430\u0445\u043e\u0434\u0456\u0432 (\u0441\u0442. 6.1.b GDPR).<\/p><\/li><\/ul><h3 data-start=\"3329\" data-end=\"3365\"><strong data-start=\"3333\" data-end=\"3365\">5. \u0417\u0431\u0435\u0440\u0456\u0433\u0430\u043d\u043d\u044f \u0434\u0430\u043d\u0438\u0445<\/strong><\/h3><p data-start=\"3366\" data-end=\"3541\">\u041f\u0435\u0440\u0441\u043e\u043d\u0430\u043b\u044c\u043d\u0456 \u0434\u0430\u043d\u0456 \u0437\u0431\u0435\u0440\u0456\u0433\u0430\u0442\u0438\u043c\u0443\u0442\u044c\u0441\u044f \u0434\u043e\u0442\u0438, \u0434\u043e\u043a\u0438 \u0442\u0440\u0438\u0432\u0430\u0442\u0438\u043c\u0443\u0442\u044c \u0432\u0456\u0434\u043d\u043e\u0441\u0438\u043d\u0438 \u0437 \u043a\u043e\u0440\u0438\u0441\u0442\u0443\u0432\u0430\u0447\u0435\u043c, \u0430 \u0442\u0430\u043a\u043e\u0436 \u0434\u043e\u0442\u0438, \u0434\u043e\u043a\u0438 \u0446\u0435 \u0431\u0443\u0434\u0435 \u043d\u0435\u043e\u0431\u0445\u0456\u0434\u043d\u043e \u0434\u043b\u044f \u0432\u0438\u043a\u043e\u043d\u0430\u043d\u043d\u044f \u0432\u0456\u0434\u043f\u043e\u0432\u0456\u0434\u043d\u0438\u0445 \u044e\u0440\u0438\u0434\u0438\u0447\u043d\u0438\u0445 \u0437\u043e\u0431\u043e\u0432'\u044f\u0437\u0430\u043d\u044c.<\/p><h3 data-start=\"3548\" data-end=\"3591\"><strong data-start=\"3552\" data-end=\"3591\">6. \u041f\u0435\u0440\u0435\u0434\u0430\u0447\u0430 \u0434\u0430\u043d\u0438\u0445 \u0442\u0440\u0435\u0442\u0456\u043c \u043e\u0441\u043e\u0431\u0430\u043c<\/strong><\/h3><p data-start=\"3592\" data-end=\"3716\">\u0416\u043e\u0434\u043d\u0456 \u0434\u0430\u043d\u0456 \u043d\u0435 \u0431\u0443\u0434\u0443\u0442\u044c \u043f\u0435\u0440\u0435\u0434\u0430\u043d\u0456 \u0442\u0440\u0435\u0442\u0456\u043c \u043e\u0441\u043e\u0431\u0430\u043c, \u0437\u0430 \u0432\u0438\u043d\u044f\u0442\u043a\u043e\u043c \u0432\u0438\u043f\u0430\u0434\u043a\u0456\u0432, \u043a\u043e\u043b\u0438 \u0446\u0435 \u043f\u0435\u0440\u0435\u0434\u0431\u0430\u0447\u0435\u043d\u043e \u0437\u0430\u043a\u043e\u043d\u043e\u043c \u0430\u0431\u043e \u043a\u043e\u043b\u0438 \u0446\u0435 \u043d\u0435\u043e\u0431\u0445\u0456\u0434\u043d\u043e \u0434\u043b\u044f \u043f\u0440\u0430\u0432\u0438\u043b\u044c\u043d\u043e\u0433\u043e \u043d\u0430\u0434\u0430\u043d\u043d\u044f \u043f\u043e\u0441\u043b\u0443\u0433\u0438.<\/p><h3 data-start=\"3723\" data-end=\"3754\"><strong data-start=\"3727\" data-end=\"3754\">7. \u041f\u0440\u0430\u0432\u0430 \u043a\u043e\u0440\u0438\u0441\u0442\u0443\u0432\u0430\u0447\u0430<\/strong><\/h3><p data-start=\"3755\" data-end=\"3784\">\u041a\u043e\u0440\u0438\u0441\u0442\u0443\u0432\u0430\u0447 \u043c\u0430\u0454 \u043d\u0430 \u0446\u0435 \u043f\u0440\u0430\u0432\u043e:<\/p><ul data-start=\"3785\" data-end=\"3996\"><li data-start=\"3785\" data-end=\"3820\"><p data-start=\"3787\" data-end=\"3820\">\u0414\u043e\u0441\u0442\u0443\u043f \u0434\u043e \u0432\u0430\u0448\u0438\u0445 \u043f\u0435\u0440\u0441\u043e\u043d\u0430\u043b\u044c\u043d\u0438\u0445 \u0434\u0430\u043d\u0438\u0445.<\/p><\/li><li data-start=\"3821\" data-end=\"3878\"><p data-start=\"3823\" data-end=\"3878\">\u0412\u0438\u043c\u0430\u0433\u0430\u0439\u0442\u0435 \u0457\u0445 \u0432\u0438\u043f\u0440\u0430\u0432\u043b\u0435\u043d\u043d\u044f \u0430\u0431\u043e \u0432\u0438\u0434\u0430\u043b\u0435\u043d\u043d\u044f.<\/p><\/li><li data-start=\"3879\" data-end=\"3907\"><p data-start=\"3881\" data-end=\"3907\">\u041f\u0440\u043e\u0442\u0438\u043b\u0435\u0436\u043d\u0435 \u043b\u0456\u043a\u0443\u0432\u0430\u043d\u043d\u044f.<\/p><\/li><li data-start=\"3908\" data-end=\"3952\"><p data-start=\"3910\" data-end=\"3952\">\u041f\u043e\u0434\u0430\u0442\u0438 \u0437\u0430\u043f\u0438\u0442 \u043d\u0430 \u043e\u0431\u043c\u0435\u0436\u0435\u043d\u043d\u044f \u043e\u0431\u0440\u043e\u0431\u043a\u0438 \u0434\u0430\u043d\u0438\u0445.<\/p><\/li><li data-start=\"3953\" data-end=\"3996\"><p data-start=\"3955\" data-end=\"3996\">\u041f\u043e\u043f\u0440\u043e\u0441\u0456\u0442\u044c \u043f\u0435\u0440\u0435\u043d\u0435\u0441\u0435\u043d\u043d\u044f \u0432\u0430\u0448\u0438\u0445 \u0434\u0430\u043d\u0438\u0445.<\/p><\/li><\/ul><p data-start=\"3998\" data-end=\"4105\">\u0429\u043e\u0431 \u0441\u043a\u043e\u0440\u0438\u0441\u0442\u0430\u0442\u0438\u0441\u044f \u0446\u0438\u043c\u0438 \u043f\u0440\u0430\u0432\u0430\u043c\u0438, \u0432\u0438 \u043c\u043e\u0436\u0435\u0442\u0435 \u043d\u0430\u043f\u0438\u0441\u0430\u0442\u0438 \u043d\u0430\u043c:<br data-start=\"4057\" data-end=\"4060\" \/><strong data-start=\"4060\" data-end=\"4103\"><a class=\"decorated-link cursor-pointer\" rel=\"noopener\" data-start=\"4062\" data-end=\"4101\">info@alojamientosuniversitariosalfil.es<\/a><\/strong><\/p><h3 data-start=\"4112\" data-end=\"4132\"><strong data-start=\"4116\" data-end=\"4132\">8. \u0411\u0435\u0437\u043f\u0435\u043a\u0430<\/strong><\/h3><p data-start=\"4133\" data-end=\"4336\"><strong data-start=\"4133\" data-end=\"4157\">RESYALMA NEO, SL.<\/strong> \u0432\u0436\u0438\u0432\u0430\u0454 \u043d\u0435\u043e\u0431\u0445\u0456\u0434\u043d\u0438\u0445 \u0442\u0435\u0445\u043d\u0456\u0447\u043d\u0438\u0445 \u0442\u0430 \u043e\u0440\u0433\u0430\u043d\u0456\u0437\u0430\u0446\u0456\u0439\u043d\u0438\u0445 \u0437\u0430\u0445\u043e\u0434\u0456\u0432, \u0449\u043e\u0431 \u0433\u0430\u0440\u0430\u043d\u0442\u0443\u0432\u0430\u0442\u0438 \u0431\u0435\u0437\u043f\u0435\u043a\u0443 \u043f\u0435\u0440\u0441\u043e\u043d\u0430\u043b\u044c\u043d\u0438\u0445 \u0434\u0430\u043d\u0438\u0445 \u0442\u0430 \u0437\u0430\u043f\u043e\u0431\u0456\u0433\u0442\u0438 \u0457\u0445 \u0437\u043c\u0456\u043d\u0456, \u0432\u0442\u0440\u0430\u0442\u0456, \u043d\u0435\u0441\u0430\u043d\u043a\u0446\u0456\u043e\u043d\u043e\u0432\u0430\u043d\u0456\u0439 \u043e\u0431\u0440\u043e\u0431\u0446\u0456 \u0430\u0431\u043e \u0434\u043e\u0441\u0442\u0443\u043f\u0443 \u0434\u043e \u043d\u0438\u0445.<\/p><h3 data-start=\"173\" data-end=\"204\">9. \u041f\u043e\u0434\u0430\u043d\u043d\u044f \u0441\u043a\u0430\u0440\u0433\u0438<\/h3><p data-start=\"206\" data-end=\"403\">\u042f\u043a\u0449\u043e \u0432\u0438 \u043d\u0435 \u0437\u0430\u0434\u043e\u0432\u043e\u043b\u0435\u043d\u0456 \u0442\u0438\u043c, \u044f\u043a \u043c\u0438 \u043e\u0431\u0440\u043e\u0431\u043b\u044f\u0454\u043c\u043e \u0432\u0430\u0448\u0456 \u043f\u0435\u0440\u0441\u043e\u043d\u0430\u043b\u044c\u043d\u0456 \u0434\u0430\u043d\u0456, \u0431\u0443\u0434\u044c \u043b\u0430\u0441\u043a\u0430, \u0441\u043f\u043e\u0447\u0430\u0442\u043a\u0443 \u043f\u043e\u0432\u0456\u0434\u043e\u043c\u0442\u0435 \u043d\u0430\u043c \u043f\u0440\u043e \u0446\u0435, \u0449\u043e\u0431 \u043c\u0438 \u043c\u043e\u0433\u043b\u0438 \u0441\u043f\u0440\u043e\u0431\u0443\u0432\u0430\u0442\u0438 \u0432\u0438\u0440\u0456\u0448\u0438\u0442\u0438 \u043f\u0440\u043e\u0431\u043b\u0435\u043c\u0443 \u0431\u0435\u0437\u043f\u043e\u0441\u0435\u0440\u0435\u0434\u043d\u044c\u043e. \u0412\u0438 \u043c\u043e\u0436\u0435\u0442\u0435 \u043d\u0430\u0434\u0456\u0441\u043b\u0430\u0442\u0438 \u0441\u0432\u043e\u044e \u0441\u043a\u0430\u0440\u0433\u0443 \u0437\u0430 \u0430\u0434\u0440\u0435\u0441\u043e\u044e:<\/p><p data-start=\"405\" data-end=\"592\">RESYALMA NEO, SL<br data-start=\"429\" data-end=\"432\" \/>Calle Dr. Miguel D\u00edaz Recio, 37<br data-start=\"463\" data-end=\"466\" \/>Teatinos-Universidad, 29010 M\u00e1laga<br data-start=\"500\" data-end=\"503\" \/>\u0415\u043b\u0435\u043a\u0442\u0440\u043e\u043d\u043d\u0430 \u043f\u043e\u0448\u0442\u0430: <a class=\"decorated-link cursor-pointer\" rel=\"noopener\" data-start=\"523\" data-end=\"562\">info@alojamientosuniversitariosalfil.es<\/a><br data-start=\"562\" data-end=\"565\" \/>\u041d\u043e\u043c\u0435\u0440 \u0442\u0435\u043b\u0435\u0444\u043e\u043d\u0443: (+34) 952 215 013<\/p><p data-start=\"594\" data-end=\"780\">\u042f\u043a\u0449\u043e \u043f\u0456\u0441\u043b\u044f \u0437\u0432\u0435\u0440\u043d\u0435\u043d\u043d\u044f \u0434\u043e \u043d\u0430\u0441 \u0432\u0438 \u0432\u0432\u0430\u0436\u0430\u0454\u0442\u0435, \u0449\u043e \u0432\u0430\u0448\u0430 \u0441\u043a\u0430\u0440\u0433\u0430 \u043d\u0435 \u0431\u0443\u043b\u0430 \u0440\u043e\u0437\u0433\u043b\u044f\u043d\u0443\u0442\u0430 \u043d\u0430\u043b\u0435\u0436\u043d\u0438\u043c \u0447\u0438\u043d\u043e\u043c, \u0432\u0438 \u043c\u0430\u0454\u0442\u0435 \u043f\u0440\u0430\u0432\u043e \u043f\u043e\u0434\u0430\u0442\u0438 \u0441\u043a\u0430\u0440\u0433\u0443 \u0434\u043e <strong data-start=\"729\" data-end=\"779\">\u0406\u0441\u043f\u0430\u043d\u0441\u044c\u043a\u0435 \u0430\u0433\u0435\u043d\u0442\u0441\u0442\u0432\u043e \u0456\u0437 \u0437\u0430\u0445\u0438\u0441\u0442\u0443 \u0434\u0430\u043d\u0438\u0445 (AEPD)<\/strong>.<\/p>\t\t\t\t\t\t\t\t<\/div>\n\t\t\t\t\t<\/div>\n\t\t\t\t<\/div>\n\t\t\t\t<\/div>","protected":false},"excerpt":{"rendered":"<p>Esta pol\u00edtica de privacidad fue actualizada por \u00faltima vez el 29 de octubre de 2025, y se aplica a los usuarios del sitio web alojamientosuniversitariosalfil.es. 1. Responsable del tratamiento RESYALMA NEO, SL.Calle Dr. Miguel D\u00edaz Recio, 37Teatinos-Universidad29010 M\u00e1laga (Espa\u00f1a)Tel\u00e9fono: (+34) 952 215 013Correo electr\u00f3nico: info@alojamientosuniversitariosalfil.esCIF: B13760749 2. Datos que se recogen Podemos recopilar la siguiente [&hellip;]<\/p>\n","protected":false},"author":1,"featured_media":0,"parent":0,"menu_order":0,"comment_status":"closed","ping_status":"closed","template":"","meta":{"footnotes":""},"class_list":["post-591","page","type-page","status-publish","hentry"],"_links":{"self":[{"href":"https:\/\/alojamientosuniversitariosalfil.es\/uk\/wp-json\/wp\/v2\/pages\/591","targetHints":{"allow":["GET"]}}],"collection":[{"href":"https:\/\/alojamientosuniversitariosalfil.es\/uk\/wp-json\/wp\/v2\/pages"}],"about":[{"href":"https:\/\/alojamientosuniversitariosalfil.es\/uk\/wp-json\/wp\/v2\/types\/page"}],"author":[{"embeddable":true,"href":"https:\/\/alojamientosuniversitariosalfil.es\/uk\/wp-json\/wp\/v2\/users\/1"}],"replies":[{"embeddable":true,"href":"https:\/\/alojamientosuniversitariosalfil.es\/uk\/wp-json\/wp\/v2\/comments?post=591"}],"version-history":[{"count":16,"href":"https:\/\/alojamientosuniversitariosalfil.es\/uk\/wp-json\/wp\/v2\/pages\/591\/revisions"}],"predecessor-version":[{"id":697,"href":"https:\/\/alojamientosuniversitariosalfil.es\/uk\/wp-json\/wp\/v2\/pages\/591\/revisions\/697"}],"wp:attachment":[{"href":"https:\/\/alojamientosuniversitariosalfil.es\/uk\/wp-json\/wp\/v2\/media?parent=591"}],"curies":[{"name":"wp","href":"https:\/\/api.w.org\/{rel}","templated":true}]}}